{"id":1048,"date":"2022-04-23T01:51:24","date_gmt":"2022-04-23T01:51:24","guid":{"rendered":"https:\/\/avasek.ca\/accueil\/"},"modified":"2023-03-09T20:29:23","modified_gmt":"2023-03-09T20:29:23","slug":"accueil","status":"publish","type":"page","link":"https:\/\/avasek.ca\/fr\/","title":{"rendered":"Accueil"},"content":{"rendered":"<style>\n.hh-image {\n  background-image: url(https:\/\/avasek.ca\/wp-content\/uploads\/2023\/03\/Avasek-restore-rebuild-compromised-systems-800x533.jpg);\n}\n\n@media(min-width: 768px) {\n  .hh-image {\n    background-image: url(https:\/\/avasek.ca\/wp-content\/uploads\/2023\/03\/Avasek-restore-rebuild-compromised-systems.jpg);\n  }\n}\n<\/style>\n<div class=\"home-hero breakout\">\n  <div class=\"hh-image-wrap\">\n    <div class=\"hh-image\">\n      <div class=\"hh-image-left\"><\/div>\n      <div class=\"hh-image-right\">\n      <!--  <div class=\"frame-bl\"><\/div>\n        <div class=\"frame-tr\"><\/div> -->\n      <\/div>\n    <\/div>\n  <\/div>\n  <div class=\"hh-content\">\n    <div class=\"hh-content-inner\">\n            <div class=\"hh-prehead\">Avasek.<\/div>\n            <h1>Votre garde du corps virtuel.<\/h1>\n            <div class=\"hh-description\">Nos \u00e9quipes mondiales d&rsquo;intervention rapide et nos solides ressources aident les organisations victimes de cyberattaques \u00e0 reprendre et \u00e0 reconstruire rapidement leurs activit\u00e9s.<\/div>\n                  <a href=\"\/surtout\/\" class=\"btn\">En savoir plus<\/a>\n          <\/div>\n  <\/div>\n<\/div>\n\n<div class=\"partners breakout\">\n  <div class=\"wrap\">\n    <h3>Nos partenaires<\/h3>\n    <div class=\"logos-wrap\"><div class=\"logos owl-carousel\">\n              <div class=\"partner-logo\">\n          <img loading=\"lazy\" decoding=\"async\" \n            src=\"https:\/\/avasek.ca\/wp-content\/uploads\/2022\/05\/crowdstrike-logo.png\" \n            width=\"485\" \n            height=\"130\" \n            alt=\"\"\n          \/>\n        <\/div>\n              <div class=\"partner-logo\">\n          <img loading=\"lazy\" decoding=\"async\" \n            src=\"https:\/\/avasek.ca\/wp-content\/uploads\/2022\/05\/Aon_Corporation_logo.png\" \n            width=\"485\" \n            height=\"130\" \n            alt=\"\"\n          \/>\n        <\/div>\n              <div class=\"partner-logo\">\n          <img loading=\"lazy\" decoding=\"async\" \n            src=\"https:\/\/avasek.ca\/wp-content\/uploads\/2022\/06\/cisco-logo.png\" \n            width=\"485\" \n            height=\"130\" \n            alt=\"\"\n          \/>\n        <\/div>\n              <div class=\"partner-logo\">\n          <img loading=\"lazy\" decoding=\"async\" \n            src=\"https:\/\/avasek.ca\/wp-content\/uploads\/2022\/06\/datto-logo.png\" \n            width=\"485\" \n            height=\"130\" \n            alt=\"\"\n          \/>\n        <\/div>\n              <div class=\"partner-logo\">\n          <img loading=\"lazy\" decoding=\"async\" \n            src=\"https:\/\/avasek.ca\/wp-content\/uploads\/2022\/06\/VMWARE-WHITE.png\" \n            width=\"486\" \n            height=\"130\" \n            alt=\"\"\n          \/>\n        <\/div>\n              <div class=\"partner-logo\">\n          <img loading=\"lazy\" decoding=\"async\" \n            src=\"https:\/\/avasek.ca\/wp-content\/uploads\/2022\/06\/DUO-WHITE_v2.png\" \n            width=\"378\" \n            height=\"130\" \n            alt=\"\"\n          \/>\n        <\/div>\n              <div class=\"partner-logo\">\n          <img loading=\"lazy\" decoding=\"async\" \n            src=\"https:\/\/avasek.ca\/wp-content\/uploads\/2022\/06\/HPE-WHITE.png\" \n            width=\"312\" \n            height=\"130\" \n            alt=\"\"\n          \/>\n        <\/div>\n          <\/div><\/div>\n  <\/div>\n<\/div>\n<script>\n  jQuery(document).ready(function($){\n    $(\".owl-carousel\").owlCarousel({\n      margin: 20,\n      loop: true,\n      dots: false,\n      autoplay: true,\n      autoplayTimeout: 4000,\n      responsiveClass: true,\n      responsive: {\n        0: {\n          items: 2\n        },\n        768: {\n          items: 3\n        },\n        1025: {\n          items: 5\n        }\n      }\n    });\n  });\n<\/script>\n\n<div class=\"intro-separator\">\n  <div class=\"inner\">\n    <h2>Restauration rapide apr\u00e8s une intrusion, services informatiques et h\u00e9berg\u00e9s<\/h2>\n    <div class=\"is-sep-wrap\"><div class=\"is-sep\"><\/div><\/div>\n    <div class=\"is-intro\"><p>Notre passion pour aider les clients \u00e0 se remettre rapidement des cyber-attaques &#8211; et nos capacit\u00e9s de soutien en mati\u00e8re de s\u00e9curit\u00e9 &#8211; font d&rsquo;Avasek un partenaire pr\u00e9cieux pour nos clients pendant la restauration des syst\u00e8mes et \u00e0 l&rsquo;avenir.<\/p>\n<p>Nous allons au-del\u00e0 de la restauration et de la reconstruction des syst\u00e8mes compromis en fournissant des services s\u00e9curis\u00e9s pour am\u00e9liorer la cyber-r\u00e9silience et pr\u00e9venir d&rsquo;autres attaques. Nous nous engageons \u00e0 faire en sorte que les plateformes de nos clients restent s\u00fbres et s\u00e9curis\u00e9es.<\/p>\n<\/div>\n  <\/div>\n<\/div>\n\n<div class=\"how-help breakout\">\n  <div class=\"hh-top\">\n    <div class=\"wrap\">\n      <h2>Comment nous aidons<\/h2>\n    <\/div>\n  <\/div>\n  <div class=\"hh-bottom\">\n    <div class=\"wrap\">\n      <div class=\"hh-item\"><div class=\"hh-item-inner\"><div class=\"hhi-icon\"><img loading=\"lazy\" decoding=\"async\" src=\"https:\/\/avasek.ca\/wp-content\/uploads\/2022\/04\/security-icon_with-circle.png\" width=\"171\" height=\"171\" alt=\"S\u00e9curit\u00e9\" \/><\/div><h3>S\u00e9curit\u00e9<\/h3><div class=\"hhi-description\">Avasek est le garde du corps virtuel sur lequel nos clients comptent 24 heures sur 24 et 7 jours sur 7 pour leur s\u00e9curit\u00e9 et leur tranquillit\u00e9 d&rsquo;esprit.<\/div><a href=\"https:\/\/avasek.ca\/service\/security\/\" class=\"readmore\">En Savior Plus<\/a><\/div><\/div><div class=\"hh-item\"><div class=\"hh-item-inner\"><div class=\"hhi-icon\"><img loading=\"lazy\" decoding=\"async\" src=\"https:\/\/avasek.ca\/wp-content\/uploads\/2022\/04\/IT-icon_with-circle.png\" width=\"171\" height=\"171\" alt=\"Support informatique\" \/><\/div><h3>Support informatique<\/h3><div class=\"hhi-description\">Que nous soyons \u00e0 la t\u00eate de l&rsquo;informatique ou que nous aidions votre \u00e9quipe, Avasek fournit un soutien informatique dans une perspective de s\u00e9curit\u00e9.<\/div><a href=\"https:\/\/avasek.ca\/service\/it-support\/\" class=\"readmore\">En Savior Plus<\/a><\/div><\/div><div class=\"hh-item\"><div class=\"hh-item-inner\"><div class=\"hhi-icon\"><img loading=\"lazy\" decoding=\"async\" src=\"https:\/\/avasek.ca\/wp-content\/uploads\/2022\/04\/hosted-icon_with-circle.png\" width=\"171\" height=\"171\" alt=\"R\u00e9ponse aux incidents\" \/><\/div><h3>R\u00e9ponse aux incidents<\/h3><div class=\"hhi-description\">Notre r\u00e9action rapide apr\u00e8s le piratage de votre syst\u00e8me permet d&rsquo;att\u00e9nuer les dommages caus\u00e9s \u00e0 votre organisation, \u00e0 vos clients et \u00e0 votre r\u00e9putation.<\/div><a href=\"https:\/\/avasek.ca\/service\/incident-response\/\" class=\"readmore\">En Savior Plus<\/a><\/div><\/div>    <\/div>\n  <\/div>\n<\/div>\n\n<div class=\"stats breakout\">\n  <div class=\"wrap\">\n    <div class=\"stat-item\"><div class=\"stat-wrap\"><div class=\"stat\">$22,184<\/div><\/div><div class=\"stat-label\">Co\u00fbt moyen d&rsquo;un ransomware par minute<\/div><\/div><div class=\"stat-item\"><div class=\"stat-wrap\"><div class=\"stat\">50%<\/div><\/div><div class=\"stat-label\">Augmentation des cyberattaques l&rsquo;ann\u00e9e derni\u00e8re<\/div><\/div><div class=\"stat-item\"><div class=\"stat-wrap\"><div class=\"stat\">244<\/div><\/div><div class=\"stat-label\">Attaques de ransomware r\u00e9cemment rendues publiques<\/div><\/div><div class=\"stat-item\"><div class=\"stat-wrap\"><div class=\"stat\">$20B<\/div><\/div><div class=\"stat-label\">Co\u00fbt annuel estim\u00e9 des ransomwares<\/div><\/div>  <\/div>\n<\/div>\n\n<style>\n  .cs-img .inner {\n    background-image: url(https:\/\/avasek.ca\/wp-content\/uploads\/2022\/04\/img-flipped-800x533.jpg);\n  }\n  @media(min-width: 768px) {\n    .cs-img .inner {\n      background-image: url(https:\/\/avasek.ca\/wp-content\/uploads\/2022\/04\/img-flipped-scaled.jpg);\n    }\n  }\n<\/style>\n<div class=\"contact-simple breakout\">\n  <div class=\"cs-img\"><div class=\"inner\"><\/div><\/div>\n  <div class=\"cs-content\">\n    <div class=\"inner\">\n      <h2>Commencez \u00e0 prot\u00e9ger vos syst\u00e8mes d\u00e8s maintenant.<\/h2>\n              <div class=\"cs-description\">Avasek ne se contente pas de nettoyer apr\u00e8s une cyber-attaque, mais nous pouvons \u00e9galement renforcer la s\u00e9curit\u00e9 de vos syst\u00e8mes afin que vous puissiez repousser les futures tentatives d&rsquo;attaque avant qu&rsquo;elles ne se produisent.  <\/div>\n                    <a href=\"\/contact\/\" target=\"\" class=\"white-btn\">Contactez-Nous<\/a>\n          <\/div>\n  <\/div>\n<\/div>\n\n<div class=\"recent-insights breakout\">\n  <h2>Aper\u00e7us<\/h2>\n  <div class=\"wrap\">\n    <div class=\"recent-post-item\"><div class=\"rpi-cat\">Blog<\/div><h3>Protection SaaS avec la sauvegarde en 1 clic: Comment prot\u00e9ger votre entreprise contre la perte de donn\u00e9es<\/h3><a href=\"https:\/\/avasek.ca\/fr\/protection-saas-avec-la-sauvegarde-en-1-clic-comment-proteger-votre-entreprise-contre-la-perte-de-donnees\/\" class=\"readmore\">Lire la Suite<\/a><\/div><div class=\"recent-post-item\"><div class=\"rpi-cat\">Blog<\/div><h3>Les donn\u00e9es de votre organisation sont-elles prot\u00e9g\u00e9es contre les menaces potentielles de cybers\u00e9curit\u00e9?<\/h3><a href=\"https:\/\/avasek.ca\/fr\/les-donnees-de-votre-organisation-sont-elles-protegees-contre-les-menaces-potentielles-de-cybersecurite\/\" class=\"readmore\">Lire la Suite<\/a><\/div><div class=\"recent-post-item\"><div class=\"rpi-cat\">Blog<\/div><h3>9 statistiques sur les violations de donn\u00e9es que votre entreprise doit conna\u00eetre<\/h3><a href=\"https:\/\/avasek.ca\/fr\/9-statistiques-sur-les-violations-de-donnees-que-votre-entreprise-doit-connaitre\/\" class=\"readmore\">Lire la Suite<\/a><\/div>  <\/div>\n<\/div>","protected":false},"excerpt":{"rendered":"","protected":false},"author":1,"featured_media":0,"parent":0,"menu_order":0,"comment_status":"closed","ping_status":"closed","template":"","meta":{"inline_featured_image":false,"footnotes":""},"class_list":["post-1048","page","type-page","status-publish","hentry"],"acf":[],"yoast_head":"<!-- This site is optimized with the Yoast SEO plugin v27.2 - https:\/\/yoast.com\/product\/yoast-seo-wordpress\/ -->\n<title>Avasek aide les organisations victimes de cyberattaques \u00e0 reprendre et \u00e0 reconstruire rapidement leurs op\u00e9rations.<\/title>\n<meta name=\"description\" content=\"Nous aidons \u00e0 la restauration et \u00e0 la reconstruction des syst\u00e8mes compromis et fournissons des services s\u00e9curis\u00e9s pour am\u00e9liorer la cyber-r\u00e9silience et pr\u00e9venir de nouvelles attaques.\" \/>\n<meta name=\"robots\" content=\"index, follow, max-snippet:-1, max-image-preview:large, max-video-preview:-1\" \/>\n<link rel=\"canonical\" href=\"https:\/\/avasek.ca\/fr\/\" \/>\n<meta property=\"og:locale\" content=\"fr_FR\" \/>\n<meta property=\"og:type\" content=\"article\" \/>\n<meta property=\"og:title\" content=\"Avasek aide les organisations victimes de cyberattaques \u00e0 reprendre et \u00e0 reconstruire rapidement leurs op\u00e9rations.\" \/>\n<meta property=\"og:description\" content=\"Nous aidons \u00e0 la restauration et \u00e0 la reconstruction des syst\u00e8mes compromis et fournissons des services s\u00e9curis\u00e9s pour am\u00e9liorer la cyber-r\u00e9silience et pr\u00e9venir de nouvelles attaques.\" \/>\n<meta property=\"og:url\" content=\"https:\/\/avasek.ca\/fr\/\" \/>\n<meta property=\"og:site_name\" content=\"Avasek\" \/>\n<meta property=\"article:modified_time\" content=\"2023-03-09T20:29:23+00:00\" \/>\n<meta name=\"twitter:card\" content=\"summary_large_image\" \/>\n<script type=\"application\/ld+json\" class=\"yoast-schema-graph\">{\"@context\":\"https:\/\/schema.org\",\"@graph\":[{\"@type\":\"WebPage\",\"@id\":\"https:\/\/avasek.ca\/fr\/\",\"url\":\"https:\/\/avasek.ca\/fr\/\",\"name\":\"Avasek aide les organisations victimes de cyberattaques \u00e0 reprendre et \u00e0 reconstruire rapidement leurs op\u00e9rations.\",\"isPartOf\":{\"@id\":\"https:\/\/avasek.ca\/fr\/#website\"},\"datePublished\":\"2022-04-23T01:51:24+00:00\",\"dateModified\":\"2023-03-09T20:29:23+00:00\",\"description\":\"Nous aidons \u00e0 la restauration et \u00e0 la reconstruction des syst\u00e8mes compromis et fournissons des services s\u00e9curis\u00e9s pour am\u00e9liorer la cyber-r\u00e9silience et pr\u00e9venir de nouvelles attaques.\",\"breadcrumb\":{\"@id\":\"https:\/\/avasek.ca\/fr\/#breadcrumb\"},\"inLanguage\":\"fr-FR\",\"potentialAction\":[{\"@type\":\"ReadAction\",\"target\":[\"https:\/\/avasek.ca\/fr\/\"]}]},{\"@type\":\"BreadcrumbList\",\"@id\":\"https:\/\/avasek.ca\/fr\/#breadcrumb\",\"itemListElement\":[{\"@type\":\"ListItem\",\"position\":1,\"name\":\"Home\",\"item\":\"https:\/\/avasek.ca\/fr\/\"},{\"@type\":\"ListItem\",\"position\":2,\"name\":\"Accueil\"}]},{\"@type\":\"WebSite\",\"@id\":\"https:\/\/avasek.ca\/fr\/#website\",\"url\":\"https:\/\/avasek.ca\/fr\/\",\"name\":\"Avasek\",\"description\":\"\",\"potentialAction\":[{\"@type\":\"SearchAction\",\"target\":{\"@type\":\"EntryPoint\",\"urlTemplate\":\"https:\/\/avasek.ca\/fr\/?s={search_term_string}\"},\"query-input\":{\"@type\":\"PropertyValueSpecification\",\"valueRequired\":true,\"valueName\":\"search_term_string\"}}],\"inLanguage\":\"fr-FR\"}]}<\/script>\n<!-- \/ Yoast SEO plugin. -->","yoast_head_json":{"title":"Avasek aide les organisations victimes de cyberattaques \u00e0 reprendre et \u00e0 reconstruire rapidement leurs op\u00e9rations.","description":"Nous aidons \u00e0 la restauration et \u00e0 la reconstruction des syst\u00e8mes compromis et fournissons des services s\u00e9curis\u00e9s pour am\u00e9liorer la cyber-r\u00e9silience et pr\u00e9venir de nouvelles attaques.","robots":{"index":"index","follow":"follow","max-snippet":"max-snippet:-1","max-image-preview":"max-image-preview:large","max-video-preview":"max-video-preview:-1"},"canonical":"https:\/\/avasek.ca\/fr\/","og_locale":"fr_FR","og_type":"article","og_title":"Avasek aide les organisations victimes de cyberattaques \u00e0 reprendre et \u00e0 reconstruire rapidement leurs op\u00e9rations.","og_description":"Nous aidons \u00e0 la restauration et \u00e0 la reconstruction des syst\u00e8mes compromis et fournissons des services s\u00e9curis\u00e9s pour am\u00e9liorer la cyber-r\u00e9silience et pr\u00e9venir de nouvelles attaques.","og_url":"https:\/\/avasek.ca\/fr\/","og_site_name":"Avasek","article_modified_time":"2023-03-09T20:29:23+00:00","twitter_card":"summary_large_image","schema":{"@context":"https:\/\/schema.org","@graph":[{"@type":"WebPage","@id":"https:\/\/avasek.ca\/fr\/","url":"https:\/\/avasek.ca\/fr\/","name":"Avasek aide les organisations victimes de cyberattaques \u00e0 reprendre et \u00e0 reconstruire rapidement leurs op\u00e9rations.","isPartOf":{"@id":"https:\/\/avasek.ca\/fr\/#website"},"datePublished":"2022-04-23T01:51:24+00:00","dateModified":"2023-03-09T20:29:23+00:00","description":"Nous aidons \u00e0 la restauration et \u00e0 la reconstruction des syst\u00e8mes compromis et fournissons des services s\u00e9curis\u00e9s pour am\u00e9liorer la cyber-r\u00e9silience et pr\u00e9venir de nouvelles attaques.","breadcrumb":{"@id":"https:\/\/avasek.ca\/fr\/#breadcrumb"},"inLanguage":"fr-FR","potentialAction":[{"@type":"ReadAction","target":["https:\/\/avasek.ca\/fr\/"]}]},{"@type":"BreadcrumbList","@id":"https:\/\/avasek.ca\/fr\/#breadcrumb","itemListElement":[{"@type":"ListItem","position":1,"name":"Home","item":"https:\/\/avasek.ca\/fr\/"},{"@type":"ListItem","position":2,"name":"Accueil"}]},{"@type":"WebSite","@id":"https:\/\/avasek.ca\/fr\/#website","url":"https:\/\/avasek.ca\/fr\/","name":"Avasek","description":"","potentialAction":[{"@type":"SearchAction","target":{"@type":"EntryPoint","urlTemplate":"https:\/\/avasek.ca\/fr\/?s={search_term_string}"},"query-input":{"@type":"PropertyValueSpecification","valueRequired":true,"valueName":"search_term_string"}}],"inLanguage":"fr-FR"}]}},"_links":{"self":[{"href":"https:\/\/avasek.ca\/fr\/wp-json\/wp\/v2\/pages\/1048","targetHints":{"allow":["GET"]}}],"collection":[{"href":"https:\/\/avasek.ca\/fr\/wp-json\/wp\/v2\/pages"}],"about":[{"href":"https:\/\/avasek.ca\/fr\/wp-json\/wp\/v2\/types\/page"}],"author":[{"embeddable":true,"href":"https:\/\/avasek.ca\/fr\/wp-json\/wp\/v2\/users\/1"}],"replies":[{"embeddable":true,"href":"https:\/\/avasek.ca\/fr\/wp-json\/wp\/v2\/comments?post=1048"}],"version-history":[{"count":5,"href":"https:\/\/avasek.ca\/fr\/wp-json\/wp\/v2\/pages\/1048\/revisions"}],"predecessor-version":[{"id":1105,"href":"https:\/\/avasek.ca\/fr\/wp-json\/wp\/v2\/pages\/1048\/revisions\/1105"}],"wp:attachment":[{"href":"https:\/\/avasek.ca\/fr\/wp-json\/wp\/v2\/media?parent=1048"}],"curies":[{"name":"wp","href":"https:\/\/api.w.org\/{rel}","templated":true}]}}