{"id":1084,"date":"2022-04-23T00:24:30","date_gmt":"2022-04-23T00:24:30","guid":{"rendered":"https:\/\/avasek.ca\/a-propos-de\/"},"modified":"2024-04-18T14:26:47","modified_gmt":"2024-04-18T14:26:47","slug":"a-propos-de","status":"publish","type":"page","link":"https:\/\/avasek.ca\/fr\/a-propos-de\/","title":{"rendered":"\u00c0 propos de"},"content":{"rendered":"<div class=\"hero breakout blue-red\">\n  <div class=\"wrap\">\n    <h1>\u00c0 propos de<\/h1>\n      <\/div>\n<\/div>\n\n\n<h2 class=\"wp-block-heading\">Votre garde du corps dans l&rsquo;espace virtuel<\/h2>\n\n\n\n<p>Fond\u00e9e en 2015 par David Humphreys, Avasek propose \u00e0 votre entreprise des solutions complexes de s\u00e9curit\u00e9 et de r\u00e9cup\u00e9ration des syst\u00e8mes, des services h\u00e9berg\u00e9s et un support informatique ax\u00e9 sur la s\u00e9curit\u00e9 pour les entreprises de tous les secteurs. Avec les logiciels malveillants, les tentatives de phishing, les tentatives de ran\u00e7onnage et autres cybercrimes qui repr\u00e9sentent un risque pour votre entreprise, vous avez besoin d&rsquo;experts en s\u00e9curit\u00e9 travaillant en votre nom qui d\u00e9joueront ces tentatives le plus rapidement possible.<\/p>\n\n\n\n<blockquote class=\"wp-block-quote is-layout-flow wp-block-quote-is-layout-flow\">\n<p>Avoir une longueur d&rsquo;avance sur les malfaiteurs est une n\u00e9cessit\u00e9. Pourtant, peu de fournisseurs sont sp\u00e9cialis\u00e9s dans ce domaine, et encore moins le font bien. Avasek est votre cyber-garde du corps.<\/p>\n<\/blockquote>\n\n\n\n<h3 class=\"wp-block-heading\"><strong>Une r\u00e9ponse rapide pour une r\u00e9cup\u00e9ration plus rapide des syst\u00e8mes<\/strong><\/h3>\n\n\n\n<p>Avasek a \u00e9t\u00e9 le t\u00e9moin direct du chaos d\u00e9clench\u00e9 dans une organisation par une violation ou une attaque malveillante. De plus, nous sommes les professionnels de la s\u00e9curit\u00e9 auxquels les assureurs, les accompagnateurs en cas de violation, les soci\u00e9t\u00e9s d&rsquo;expertise judiciaire et les clients font appel pour att\u00e9nuer les attaques et restaurer rapidement les syst\u00e8mes des clients. Nous tirons parti de notre environnement priv\u00e9 h\u00e9berg\u00e9 dans le nuage pour vous fournir un h\u00e9bergement s\u00e9curis\u00e9 afin de vous aider \u00e0 r\u00e9tablir vos op\u00e9rations, alors m\u00eame que nous d\u00e9barrassons vos syst\u00e8mes du probl\u00e8me. <\/p>\n\n\n\n<p>\u00c0 titre d&rsquo;exemple, Avasek est souvent retenu par les clients dont nous restaurons les syst\u00e8mes. Nous vous aidons \u00e0 d\u00e9jouer les attaques ult\u00e9rieures gr\u00e2ce \u00e0 nos environnements d&rsquo;h\u00e9bergement s\u00e9curis\u00e9s et \u00e0 notre soutien continu en mati\u00e8re de s\u00e9curit\u00e9 informatique.<\/p>\n\n\n\n<figure class=\"wp-block-image size-full\"><img loading=\"lazy\" decoding=\"async\" width=\"1000\" height=\"667\" src=\"https:\/\/avasek.ca\/wp-content\/uploads\/2022\/05\/about-avasek.jpg\" alt=\"about avasek\" class=\"wp-image-445\" srcset=\"https:\/\/avasek.ca\/wp-content\/uploads\/2022\/05\/about-avasek.jpg 1000w, https:\/\/avasek.ca\/wp-content\/uploads\/2022\/05\/about-avasek-300x200.jpg 300w, https:\/\/avasek.ca\/wp-content\/uploads\/2022\/05\/about-avasek-768x512.jpg 768w, https:\/\/avasek.ca\/wp-content\/uploads\/2022\/05\/about-avasek-800x534.jpg 800w\" sizes=\"auto, (max-width: 1000px) 100vw, 1000px\" \/><\/figure>\n\n\n\n<h3 class=\"wp-block-heading\"><strong>S\u00e9curit\u00e9 multi-niveaux, h\u00e9bergement et support informatique.<\/strong><\/h3>\n\n\n\n<ul class=\"wp-block-list\">\n<li>Qu&rsquo;il s&rsquo;agisse de restaurer des syst\u00e8mes apr\u00e8s une attaque, dans le cadre d&rsquo;un projet, ou de fournir un soutien continu \u00e0 plusieurs niveaux en mati\u00e8re de s\u00e9curit\u00e9, d&rsquo;h\u00e9bergement et d&rsquo;informatique, Avasek est le partenaire qui poss\u00e8de les connaissances et le pouvoir n\u00e9cessaires pour prot\u00e9ger votre entreprise.<\/li>\n\n\n\n<li>Nos \u00e9quipes d&rsquo;intervention rapide et nos solides ressources aident les organisations \u00e0 reprendre leurs activit\u00e9s rapidement apr\u00e8s une attaque. Nous reconstruisons les environnements des clients sans risque pour les preuves m\u00e9dico-l\u00e9gales, et nous renfor\u00e7ons votre posture de s\u00e9curit\u00e9 pour vous d\u00e9fendre contre de futures attaques.<\/li>\n\n\n\n<li>Une faille de s\u00e9curit\u00e9 peut bouleverser la culture que vous avez eu tant de mal \u00e0 cr\u00e9er. Avasek r\u00e9tablit l&rsquo;harmonie commerciale en m\u00eame temps que vos syst\u00e8mes et fait de la cyber-r\u00e9silience la pierre angulaire de votre tranquillit\u00e9 d&rsquo;esprit pour l&rsquo;avenir.<\/li>\n<\/ul>\n\n\n\n<div style=\"height:60px\" aria-hidden=\"true\" class=\"wp-block-spacer\"><\/div>\n\n\n<div class=\"leadership breakout\">\n  <div class=\"wrap\">\n    <h2>Gestion<\/h2>\n          <div class=\"leadership-description\"><p>L&rsquo;\u00e9quipe de gestion d&rsquo;Avasek est compos\u00e9e de sp\u00e9cialistes hautement qualifi\u00e9s en mati\u00e8re de s\u00e9curit\u00e9 Internet. Non seulement nous aidons les assureurs et leurs clients \u00e0 r\u00e9tablir rapidement leurs activit\u00e9s, mais nous d\u00e9ployons \u00e9galement des solutions et des services de s\u00e9curit\u00e9 personnalis\u00e9s pour aider nos clients \u00e0 mettre fin aux futures tentatives d&rsquo;attaques.<\/p>\n<p>Nous sommes fiers de nos ann\u00e9es d&rsquo;exp\u00e9rience dans l&rsquo;accompagnement de nos clients en mati\u00e8re d&rsquo;\u00e9valuation de la s\u00e9curit\u00e9, de conformit\u00e9 aux politiques, de formation des employ\u00e9s, de services de s\u00e9curit\u00e9 g\u00e9r\u00e9s, de planification de la continuit\u00e9 des activit\u00e9s, de reprise apr\u00e8s sinistre et de criminalistique num\u00e9rique.<\/p>\n<p>Par ailleurs, les \u00e9quipes d&rsquo;intervention rapide d&rsquo;Avasek, situ\u00e9es \u00e0 des endroits strat\u00e9giques, assurent une restauration rapide pour un meilleur contr\u00f4le des co\u00fbts, une s\u00e9curit\u00e9 des syst\u00e8mes \u00e0 toute \u00e9preuve et une expertise consultative sur laquelle les clients peuvent compter tout au long du cycle de vie de l&rsquo;entreprise.<\/p>\n<\/div>\n      <\/div>\n  <div class=\"leadership-people\">\n    <div class=\"leadership-item\"><div class=\"leadership-item-content\"><div class=\"lic-content\"><h3>David Humphreys<\/h3><div class=\"li-title\">Pr\u00e9sident<\/div><\/div><\/div><\/div><div class=\"leadership-item\"><div class=\"leadership-item-content\"><div class=\"lic-content\"><h3>Chris Martinez<\/h3><div class=\"li-title\">Directeur des Op\u00e9rations<\/div><\/div><\/div><\/div><div class=\"leadership-item\"><div class=\"leadership-item-content\"><div class=\"lic-content\"><h3>Matt Pippin<\/h3><div class=\"li-title\">Responsable des interventions en cas d&rsquo;incident<\/div><\/div><\/div><\/div><div class=\"leadership-item\"><div class=\"leadership-item-content\"><div class=\"lic-content\"><h3>George Zilahi<\/h3><div class=\"li-title\">Directeur des services de gestion<\/div><\/div><\/div><\/div><div class=\"leadership-item\"><div class=\"leadership-item-content\"><div class=\"lic-content\"><h3>Traci Hamilton<\/h3><div class=\"li-title\">Ing\u00e9nieur commercial<\/div><\/div><\/div><\/div><div class=\"leadership-item\"><div class=\"leadership-item-content\"><div class=\"lic-content\"><h3>Kirstin Thomson<\/h3><div class=\"li-title\">Responsable de l&rsquo;administration<\/div><\/div><\/div><\/div><div class=\"leadership-item\"><div class=\"leadership-item-content\"><div class=\"lic-content\"><h3>Austin Baker<\/h3><div class=\"li-title\">Charg\u00e9 de compte senior<\/div><\/div><\/div><\/div>  <\/div>\n<\/div>\n\n<div class=\"careers breakout\">\n  <div class=\"wrap\">\n        <div class=\"careers-img\">\n      <img loading=\"lazy\" decoding=\"async\" src=\"https:\/\/avasek.ca\/wp-content\/uploads\/2022\/05\/avasek-careers-600x326.jpg\" width=\"600\" height=\"326\" alt=\"\" \/>\n    <\/div>\n        <div class=\"careers-content\">\n      <h2>Carri\u00e8res: \u00cates-vous \u00e0 la hauteur d&rsquo;Avasek?<\/h2>\n              <div class=\"cc-desc\">Votre objectif est-il de rendre la vie difficile aux cyberattaquants? \u00cates-vous pr\u00eat \u00e0 donner le meilleur de vous-m\u00eame pour aider les clients \u00e0 retrouver rapidement leur \u00e9quilibre op\u00e9rationnel apr\u00e8s une violation ou une attaque? Voulez-vous faire partie d&rsquo;une \u00e9quipe de professionnels de la s\u00e9curit\u00e9 en pleine croissance qui ne se contente pas de remettre rapidement les syst\u00e8mes des clients en \u00e9tat de marche, mais qui investit dans l&rsquo;\u00e9tablissement de relations \u00e0 long terme gr\u00e2ce \u00e0 un service et une expertise de s\u00e9curit\u00e9 exceptionnels? \n\nAvasek est toujours \u00e0 la recherche de professionnels de la cybers\u00e9curit\u00e9 qui partagent notre engagement \u00e0 faire en sorte que les clients s&rsquo;en sortent et que les agresseurs \u00e9chouent. <\/div>\n                    <a href=\"https:\/\/avasek.ca\/about\/careers\/\" target=\"\" class=\"btn\">En savoir plus<\/a>\n          <\/div>\n  <\/div>\n<\/div>\n\n<style>\n  .cs-img .inner {\n    background-image: url(https:\/\/avasek.ca\/wp-content\/uploads\/2022\/04\/img-flipped-800x533.jpg);\n  }\n  @media(min-width: 768px) {\n    .cs-img .inner {\n      background-image: url(https:\/\/avasek.ca\/wp-content\/uploads\/2022\/04\/img-flipped-scaled.jpg);\n    }\n  }\n<\/style>\n<div class=\"contact-simple breakout\">\n  <div class=\"cs-img\"><div class=\"inner\"><\/div><\/div>\n  <div class=\"cs-content\">\n    <div class=\"inner\">\n      <h2>Dans quelle mesure votre organisation est-elle cyber-r\u00e9sistante?<\/h2>\n              <div class=\"cs-description\">Avasek ne se contente pas de nettoyer apr\u00e8s une cyber-attaque, mais nous renfor\u00e7ons \u00e9galement la s\u00e9curit\u00e9 de vos syst\u00e8mes afin que vous puissiez repousser les futures tentatives d&rsquo;attaques avant m\u00eame qu&rsquo;elles ne se produisent.<\/div>\n                    <a href=\"\/contact\/\" target=\"\" class=\"white-btn\">Contactez-Nous<\/a>\n          <\/div>\n  <\/div>\n<\/div>","protected":false},"excerpt":{"rendered":"<p>Votre garde du corps dans l&rsquo;espace virtuel Fond\u00e9e en 2015 par David Humphreys, Avasek propose \u00e0 votre entreprise des solutions complexes de s\u00e9curit\u00e9 et de r\u00e9cup\u00e9ration des syst\u00e8mes, des services h\u00e9berg\u00e9s et un support informatique ax\u00e9 sur la s\u00e9curit\u00e9 pour les entreprises de tous les secteurs. Avec les logiciels malveillants, les tentatives de phishing, les&#8230;  <a class=\"excerpt-read-more\" href=\"https:\/\/avasek.ca\/fr\/a-propos-de\/\" title=\"Lire\u00c0 propos de\">Lire la Suite \u00bb<\/a><\/p>\n","protected":false},"author":1,"featured_media":0,"parent":0,"menu_order":0,"comment_status":"closed","ping_status":"open","template":"","meta":{"inline_featured_image":false,"footnotes":""},"class_list":["post-1084","page","type-page","status-publish","hentry"],"acf":[],"yoast_head":"<!-- This site is optimized with the Yoast SEO plugin v27.2 - https:\/\/yoast.com\/product\/yoast-seo-wordpress\/ -->\n<title>Votre garde du corps dans l&#039;espace virtuel<\/title>\n<meta name=\"description\" content=\"Nous proposons des solutions de s\u00e9curit\u00e9 complexes et de r\u00e9cup\u00e9ration des syst\u00e8mes, des services h\u00e9berg\u00e9s et une assistance informatique ax\u00e9e sur la s\u00e9curit\u00e9 pour les petites et moyennes entreprises dans tous les secteurs.\" \/>\n<meta name=\"robots\" content=\"index, follow, max-snippet:-1, max-image-preview:large, max-video-preview:-1\" \/>\n<link rel=\"canonical\" href=\"https:\/\/avasek.ca\/fr\/a-propos-de\/\" \/>\n<meta property=\"og:locale\" content=\"fr_FR\" \/>\n<meta property=\"og:type\" content=\"article\" \/>\n<meta property=\"og:title\" content=\"Votre garde du corps dans l&#039;espace virtuel\" \/>\n<meta property=\"og:description\" content=\"Nous proposons des solutions de s\u00e9curit\u00e9 complexes et de r\u00e9cup\u00e9ration des syst\u00e8mes, des services h\u00e9berg\u00e9s et une assistance informatique ax\u00e9e sur la s\u00e9curit\u00e9 pour les petites et moyennes entreprises dans tous les secteurs.\" \/>\n<meta property=\"og:url\" content=\"https:\/\/avasek.ca\/fr\/a-propos-de\/\" \/>\n<meta property=\"og:site_name\" content=\"Avasek\" \/>\n<meta property=\"article:modified_time\" content=\"2024-04-18T14:26:47+00:00\" \/>\n<meta property=\"og:image\" content=\"https:\/\/avasek.ca\/wp-content\/uploads\/2022\/05\/about-avasek.jpg\" \/>\n<meta name=\"twitter:card\" content=\"summary_large_image\" \/>\n<meta name=\"twitter:label1\" content=\"Dur\u00e9e de lecture estim\u00e9e\" \/>\n\t<meta name=\"twitter:data1\" content=\"2 minutes\" \/>\n<script type=\"application\/ld+json\" class=\"yoast-schema-graph\">{\"@context\":\"https:\/\/schema.org\",\"@graph\":[{\"@type\":\"WebPage\",\"@id\":\"https:\/\/avasek.ca\/fr\/a-propos-de\/\",\"url\":\"https:\/\/avasek.ca\/fr\/a-propos-de\/\",\"name\":\"Votre garde du corps dans l'espace virtuel\",\"isPartOf\":{\"@id\":\"https:\/\/avasek.ca\/fr\/#website\"},\"primaryImageOfPage\":{\"@id\":\"https:\/\/avasek.ca\/fr\/a-propos-de\/#primaryimage\"},\"image\":{\"@id\":\"https:\/\/avasek.ca\/fr\/a-propos-de\/#primaryimage\"},\"thumbnailUrl\":\"https:\/\/avasek.ca\/wp-content\/uploads\/2022\/05\/about-avasek.jpg\",\"datePublished\":\"2022-04-23T00:24:30+00:00\",\"dateModified\":\"2024-04-18T14:26:47+00:00\",\"description\":\"Nous proposons des solutions de s\u00e9curit\u00e9 complexes et de r\u00e9cup\u00e9ration des syst\u00e8mes, des services h\u00e9berg\u00e9s et une assistance informatique ax\u00e9e sur la s\u00e9curit\u00e9 pour les petites et moyennes entreprises dans tous les secteurs.\",\"breadcrumb\":{\"@id\":\"https:\/\/avasek.ca\/fr\/a-propos-de\/#breadcrumb\"},\"inLanguage\":\"fr-FR\",\"potentialAction\":[{\"@type\":\"ReadAction\",\"target\":[\"https:\/\/avasek.ca\/fr\/a-propos-de\/\"]}]},{\"@type\":\"ImageObject\",\"inLanguage\":\"fr-FR\",\"@id\":\"https:\/\/avasek.ca\/fr\/a-propos-de\/#primaryimage\",\"url\":\"https:\/\/avasek.ca\/wp-content\/uploads\/2022\/05\/about-avasek.jpg\",\"contentUrl\":\"https:\/\/avasek.ca\/wp-content\/uploads\/2022\/05\/about-avasek.jpg\"},{\"@type\":\"BreadcrumbList\",\"@id\":\"https:\/\/avasek.ca\/fr\/a-propos-de\/#breadcrumb\",\"itemListElement\":[{\"@type\":\"ListItem\",\"position\":1,\"name\":\"Home\",\"item\":\"https:\/\/avasek.ca\/fr\/\"},{\"@type\":\"ListItem\",\"position\":2,\"name\":\"\u00c0 propos de\"}]},{\"@type\":\"WebSite\",\"@id\":\"https:\/\/avasek.ca\/fr\/#website\",\"url\":\"https:\/\/avasek.ca\/fr\/\",\"name\":\"Avasek\",\"description\":\"\",\"potentialAction\":[{\"@type\":\"SearchAction\",\"target\":{\"@type\":\"EntryPoint\",\"urlTemplate\":\"https:\/\/avasek.ca\/fr\/?s={search_term_string}\"},\"query-input\":{\"@type\":\"PropertyValueSpecification\",\"valueRequired\":true,\"valueName\":\"search_term_string\"}}],\"inLanguage\":\"fr-FR\"}]}<\/script>\n<!-- \/ Yoast SEO plugin. -->","yoast_head_json":{"title":"Votre garde du corps dans l'espace virtuel","description":"Nous proposons des solutions de s\u00e9curit\u00e9 complexes et de r\u00e9cup\u00e9ration des syst\u00e8mes, des services h\u00e9berg\u00e9s et une assistance informatique ax\u00e9e sur la s\u00e9curit\u00e9 pour les petites et moyennes entreprises dans tous les secteurs.","robots":{"index":"index","follow":"follow","max-snippet":"max-snippet:-1","max-image-preview":"max-image-preview:large","max-video-preview":"max-video-preview:-1"},"canonical":"https:\/\/avasek.ca\/fr\/a-propos-de\/","og_locale":"fr_FR","og_type":"article","og_title":"Votre garde du corps dans l'espace virtuel","og_description":"Nous proposons des solutions de s\u00e9curit\u00e9 complexes et de r\u00e9cup\u00e9ration des syst\u00e8mes, des services h\u00e9berg\u00e9s et une assistance informatique ax\u00e9e sur la s\u00e9curit\u00e9 pour les petites et moyennes entreprises dans tous les secteurs.","og_url":"https:\/\/avasek.ca\/fr\/a-propos-de\/","og_site_name":"Avasek","article_modified_time":"2024-04-18T14:26:47+00:00","og_image":[{"url":"https:\/\/avasek.ca\/wp-content\/uploads\/2022\/05\/about-avasek.jpg","type":"","width":"","height":""}],"twitter_card":"summary_large_image","twitter_misc":{"Dur\u00e9e de lecture estim\u00e9e":"2 minutes"},"schema":{"@context":"https:\/\/schema.org","@graph":[{"@type":"WebPage","@id":"https:\/\/avasek.ca\/fr\/a-propos-de\/","url":"https:\/\/avasek.ca\/fr\/a-propos-de\/","name":"Votre garde du corps dans l'espace virtuel","isPartOf":{"@id":"https:\/\/avasek.ca\/fr\/#website"},"primaryImageOfPage":{"@id":"https:\/\/avasek.ca\/fr\/a-propos-de\/#primaryimage"},"image":{"@id":"https:\/\/avasek.ca\/fr\/a-propos-de\/#primaryimage"},"thumbnailUrl":"https:\/\/avasek.ca\/wp-content\/uploads\/2022\/05\/about-avasek.jpg","datePublished":"2022-04-23T00:24:30+00:00","dateModified":"2024-04-18T14:26:47+00:00","description":"Nous proposons des solutions de s\u00e9curit\u00e9 complexes et de r\u00e9cup\u00e9ration des syst\u00e8mes, des services h\u00e9berg\u00e9s et une assistance informatique ax\u00e9e sur la s\u00e9curit\u00e9 pour les petites et moyennes entreprises dans tous les secteurs.","breadcrumb":{"@id":"https:\/\/avasek.ca\/fr\/a-propos-de\/#breadcrumb"},"inLanguage":"fr-FR","potentialAction":[{"@type":"ReadAction","target":["https:\/\/avasek.ca\/fr\/a-propos-de\/"]}]},{"@type":"ImageObject","inLanguage":"fr-FR","@id":"https:\/\/avasek.ca\/fr\/a-propos-de\/#primaryimage","url":"https:\/\/avasek.ca\/wp-content\/uploads\/2022\/05\/about-avasek.jpg","contentUrl":"https:\/\/avasek.ca\/wp-content\/uploads\/2022\/05\/about-avasek.jpg"},{"@type":"BreadcrumbList","@id":"https:\/\/avasek.ca\/fr\/a-propos-de\/#breadcrumb","itemListElement":[{"@type":"ListItem","position":1,"name":"Home","item":"https:\/\/avasek.ca\/fr\/"},{"@type":"ListItem","position":2,"name":"\u00c0 propos de"}]},{"@type":"WebSite","@id":"https:\/\/avasek.ca\/fr\/#website","url":"https:\/\/avasek.ca\/fr\/","name":"Avasek","description":"","potentialAction":[{"@type":"SearchAction","target":{"@type":"EntryPoint","urlTemplate":"https:\/\/avasek.ca\/fr\/?s={search_term_string}"},"query-input":{"@type":"PropertyValueSpecification","valueRequired":true,"valueName":"search_term_string"}}],"inLanguage":"fr-FR"}]}},"_links":{"self":[{"href":"https:\/\/avasek.ca\/fr\/wp-json\/wp\/v2\/pages\/1084","targetHints":{"allow":["GET"]}}],"collection":[{"href":"https:\/\/avasek.ca\/fr\/wp-json\/wp\/v2\/pages"}],"about":[{"href":"https:\/\/avasek.ca\/fr\/wp-json\/wp\/v2\/types\/page"}],"author":[{"embeddable":true,"href":"https:\/\/avasek.ca\/fr\/wp-json\/wp\/v2\/users\/1"}],"replies":[{"embeddable":true,"href":"https:\/\/avasek.ca\/fr\/wp-json\/wp\/v2\/comments?post=1084"}],"version-history":[{"count":3,"href":"https:\/\/avasek.ca\/fr\/wp-json\/wp\/v2\/pages\/1084\/revisions"}],"predecessor-version":[{"id":1177,"href":"https:\/\/avasek.ca\/fr\/wp-json\/wp\/v2\/pages\/1084\/revisions\/1177"}],"wp:attachment":[{"href":"https:\/\/avasek.ca\/fr\/wp-json\/wp\/v2\/media?parent=1084"}],"curies":[{"name":"wp","href":"https:\/\/api.w.org\/{rel}","templated":true}]}}