{"id":1086,"date":"2022-05-09T23:11:39","date_gmt":"2022-05-09T23:11:39","guid":{"rendered":"https:\/\/avasek.ca\/a-propos-de\/carrieres\/"},"modified":"2023-03-07T17:08:07","modified_gmt":"2023-03-07T17:08:07","slug":"carrieres","status":"publish","type":"page","link":"https:\/\/avasek.ca\/fr\/a-propos-de\/carrieres\/","title":{"rendered":"Carri\u00e8res"},"content":{"rendered":"<div class=\"hero breakout blue-red\">\n  <div class=\"wrap\">\n    <h1>Carri\u00e8res<\/h1>\n      <\/div>\n<\/div>\n<h2 class=\"wp-block-heading\"><strong>Faites \u00e9voluer votre carri\u00e8re chez Avasek<\/strong><\/h2>\n\n<p>Souhaitez-vous travailler pour une entreprise en pleine croissance qui fournit des services de r\u00e9ponse aux incidents critiques et de cybers\u00e9curit\u00e9 aux entreprises publiques et priv\u00e9es? Si oui, poursuivez votre lecture.<\/p>\n\n<p>Avasek ne se contente pas uniquement de rendre les syst\u00e8mes des clients op\u00e9rationnels rapidement, nous investissons dans l&rsquo;\u00e9tablissement de relations \u00e0 long terme gr\u00e2ce \u00e0 un service exceptionnel et une expertise en mati\u00e8re de s\u00e9curit\u00e9. Nous voulons les professionnels les plus intelligents et les plus talentueux dans notre \u00e9quipe d\u00e9vou\u00e9e et collaborative. <\/p>\n\n<p>En plus d&rsquo;une r\u00e9mun\u00e9ration comp\u00e9titive, Avasek offre des avantages sociaux solides, notamment:<\/p>\n\n<ul class=\"wp-block-list\"><li>Soins de sant\u00e9<\/li><li>Soins dentaires<\/li><li>Soins de la vue<\/li><li>Plan de retraite 401k<\/li><li>Temps libre pay\u00e9<\/li><li>Postes sur place et \u00e0 distance<\/li><li>Opportunit\u00e9s de d\u00e9veloppement professionnel et plus encore<\/li><\/ul>\n\n<p>Si vous souhaitez faire partie d&rsquo;une \u00e9quipe de professionnels en plein essor, qui est tr\u00e8s fi\u00e8re d&rsquo;aider les assureurs, les \u00e9quipes m\u00e9dico-l\u00e9gales et les sp\u00e9cialistes juridiques \u00e0 aider leurs clients, envoyez votre CV \u00e0 <a href=\"mailto:contact@avasek.com\" target=\"_blank\" rel=\"noreferrer noopener\">contact@avasek.com<\/a>. Dites-nous ce qui vous rend unique et pourquoi vous seriez un bon \u00e9l\u00e9ment chez Avasek. Nos besoins changent constamment et, bien que nous ne puissions pas r\u00e9pondre \u00e0 tout le monde, nous vous contacterons si votre talent et nos besoins correspondent.<\/p>\n\n<div style=\"height:60px\" aria-hidden=\"true\" class=\"wp-block-spacer\"><\/div>\n","protected":false},"excerpt":{"rendered":"<p>Faites \u00e9voluer votre carri\u00e8re chez Avasek Souhaitez-vous travailler pour une entreprise en pleine croissance qui fournit des services de r\u00e9ponse aux incidents critiques et de cybers\u00e9curit\u00e9 aux entreprises publiques et priv\u00e9es? Si oui, poursuivez votre lecture. Avasek ne se contente pas uniquement de rendre les syst\u00e8mes des clients op\u00e9rationnels rapidement, nous investissons dans l&rsquo;\u00e9tablissement de&#8230;  <a class=\"excerpt-read-more\" href=\"https:\/\/avasek.ca\/fr\/a-propos-de\/carrieres\/\" title=\"LireCarri\u00e8res\">Lire la Suite \u00bb<\/a><\/p>\n","protected":false},"author":1,"featured_media":0,"parent":1084,"menu_order":0,"comment_status":"closed","ping_status":"closed","template":"","meta":{"inline_featured_image":false,"footnotes":""},"class_list":["post-1086","page","type-page","status-publish","hentry"],"acf":[],"yoast_head":"<!-- This site is optimized with the Yoast SEO plugin v27.2 - https:\/\/yoast.com\/product\/yoast-seo-wordpress\/ -->\n<title>Faites \u00e9voluer votre carri\u00e8re chez Avasek<\/title>\n<meta name=\"description\" content=\"Souhaitez-vous travailler pour une entreprise en pleine croissance qui fournit des services de r\u00e9ponse aux incidents critiques et de cybers\u00e9curit\u00e9 aux entreprises publiques et priv\u00e9es?\" \/>\n<meta name=\"robots\" content=\"index, follow, max-snippet:-1, max-image-preview:large, max-video-preview:-1\" \/>\n<link rel=\"canonical\" href=\"https:\/\/avasek.ca\/fr\/a-propos-de\/carrieres\/\" \/>\n<meta property=\"og:locale\" content=\"fr_FR\" \/>\n<meta property=\"og:type\" content=\"article\" \/>\n<meta property=\"og:title\" content=\"Faites \u00e9voluer votre carri\u00e8re chez Avasek\" \/>\n<meta property=\"og:description\" content=\"Souhaitez-vous travailler pour une entreprise en pleine croissance qui fournit des services de r\u00e9ponse aux incidents critiques et de cybers\u00e9curit\u00e9 aux entreprises publiques et priv\u00e9es?\" \/>\n<meta property=\"og:url\" content=\"https:\/\/avasek.ca\/fr\/a-propos-de\/carrieres\/\" \/>\n<meta property=\"og:site_name\" content=\"Avasek\" \/>\n<meta property=\"article:modified_time\" content=\"2023-03-07T17:08:07+00:00\" \/>\n<meta name=\"twitter:card\" content=\"summary_large_image\" \/>\n<meta name=\"twitter:label1\" content=\"Dur\u00e9e de lecture estim\u00e9e\" \/>\n\t<meta name=\"twitter:data1\" content=\"1 minute\" \/>\n<script type=\"application\/ld+json\" class=\"yoast-schema-graph\">{\"@context\":\"https:\/\/schema.org\",\"@graph\":[{\"@type\":\"WebPage\",\"@id\":\"https:\/\/avasek.ca\/fr\/a-propos-de\/carrieres\/\",\"url\":\"https:\/\/avasek.ca\/fr\/a-propos-de\/carrieres\/\",\"name\":\"Faites \u00e9voluer votre carri\u00e8re chez Avasek\",\"isPartOf\":{\"@id\":\"https:\/\/avasek.ca\/fr\/#website\"},\"datePublished\":\"2022-05-09T23:11:39+00:00\",\"dateModified\":\"2023-03-07T17:08:07+00:00\",\"description\":\"Souhaitez-vous travailler pour une entreprise en pleine croissance qui fournit des services de r\u00e9ponse aux incidents critiques et de cybers\u00e9curit\u00e9 aux entreprises publiques et priv\u00e9es?\",\"breadcrumb\":{\"@id\":\"https:\/\/avasek.ca\/fr\/a-propos-de\/carrieres\/#breadcrumb\"},\"inLanguage\":\"fr-FR\",\"potentialAction\":[{\"@type\":\"ReadAction\",\"target\":[\"https:\/\/avasek.ca\/fr\/a-propos-de\/carrieres\/\"]}]},{\"@type\":\"BreadcrumbList\",\"@id\":\"https:\/\/avasek.ca\/fr\/a-propos-de\/carrieres\/#breadcrumb\",\"itemListElement\":[{\"@type\":\"ListItem\",\"position\":1,\"name\":\"Home\",\"item\":\"https:\/\/avasek.ca\/fr\/\"},{\"@type\":\"ListItem\",\"position\":2,\"name\":\"\u00c0 propos de\",\"item\":\"https:\/\/avasek.ca\/fr\/a-propos-de\/\"},{\"@type\":\"ListItem\",\"position\":3,\"name\":\"Carri\u00e8res\"}]},{\"@type\":\"WebSite\",\"@id\":\"https:\/\/avasek.ca\/fr\/#website\",\"url\":\"https:\/\/avasek.ca\/fr\/\",\"name\":\"Avasek\",\"description\":\"\",\"potentialAction\":[{\"@type\":\"SearchAction\",\"target\":{\"@type\":\"EntryPoint\",\"urlTemplate\":\"https:\/\/avasek.ca\/fr\/?s={search_term_string}\"},\"query-input\":{\"@type\":\"PropertyValueSpecification\",\"valueRequired\":true,\"valueName\":\"search_term_string\"}}],\"inLanguage\":\"fr-FR\"}]}<\/script>\n<!-- \/ Yoast SEO plugin. -->","yoast_head_json":{"title":"Faites \u00e9voluer votre carri\u00e8re chez Avasek","description":"Souhaitez-vous travailler pour une entreprise en pleine croissance qui fournit des services de r\u00e9ponse aux incidents critiques et de cybers\u00e9curit\u00e9 aux entreprises publiques et priv\u00e9es?","robots":{"index":"index","follow":"follow","max-snippet":"max-snippet:-1","max-image-preview":"max-image-preview:large","max-video-preview":"max-video-preview:-1"},"canonical":"https:\/\/avasek.ca\/fr\/a-propos-de\/carrieres\/","og_locale":"fr_FR","og_type":"article","og_title":"Faites \u00e9voluer votre carri\u00e8re chez Avasek","og_description":"Souhaitez-vous travailler pour une entreprise en pleine croissance qui fournit des services de r\u00e9ponse aux incidents critiques et de cybers\u00e9curit\u00e9 aux entreprises publiques et priv\u00e9es?","og_url":"https:\/\/avasek.ca\/fr\/a-propos-de\/carrieres\/","og_site_name":"Avasek","article_modified_time":"2023-03-07T17:08:07+00:00","twitter_card":"summary_large_image","twitter_misc":{"Dur\u00e9e de lecture estim\u00e9e":"1 minute"},"schema":{"@context":"https:\/\/schema.org","@graph":[{"@type":"WebPage","@id":"https:\/\/avasek.ca\/fr\/a-propos-de\/carrieres\/","url":"https:\/\/avasek.ca\/fr\/a-propos-de\/carrieres\/","name":"Faites \u00e9voluer votre carri\u00e8re chez Avasek","isPartOf":{"@id":"https:\/\/avasek.ca\/fr\/#website"},"datePublished":"2022-05-09T23:11:39+00:00","dateModified":"2023-03-07T17:08:07+00:00","description":"Souhaitez-vous travailler pour une entreprise en pleine croissance qui fournit des services de r\u00e9ponse aux incidents critiques et de cybers\u00e9curit\u00e9 aux entreprises publiques et priv\u00e9es?","breadcrumb":{"@id":"https:\/\/avasek.ca\/fr\/a-propos-de\/carrieres\/#breadcrumb"},"inLanguage":"fr-FR","potentialAction":[{"@type":"ReadAction","target":["https:\/\/avasek.ca\/fr\/a-propos-de\/carrieres\/"]}]},{"@type":"BreadcrumbList","@id":"https:\/\/avasek.ca\/fr\/a-propos-de\/carrieres\/#breadcrumb","itemListElement":[{"@type":"ListItem","position":1,"name":"Home","item":"https:\/\/avasek.ca\/fr\/"},{"@type":"ListItem","position":2,"name":"\u00c0 propos de","item":"https:\/\/avasek.ca\/fr\/a-propos-de\/"},{"@type":"ListItem","position":3,"name":"Carri\u00e8res"}]},{"@type":"WebSite","@id":"https:\/\/avasek.ca\/fr\/#website","url":"https:\/\/avasek.ca\/fr\/","name":"Avasek","description":"","potentialAction":[{"@type":"SearchAction","target":{"@type":"EntryPoint","urlTemplate":"https:\/\/avasek.ca\/fr\/?s={search_term_string}"},"query-input":{"@type":"PropertyValueSpecification","valueRequired":true,"valueName":"search_term_string"}}],"inLanguage":"fr-FR"}]}},"_links":{"self":[{"href":"https:\/\/avasek.ca\/fr\/wp-json\/wp\/v2\/pages\/1086","targetHints":{"allow":["GET"]}}],"collection":[{"href":"https:\/\/avasek.ca\/fr\/wp-json\/wp\/v2\/pages"}],"about":[{"href":"https:\/\/avasek.ca\/fr\/wp-json\/wp\/v2\/types\/page"}],"author":[{"embeddable":true,"href":"https:\/\/avasek.ca\/fr\/wp-json\/wp\/v2\/users\/1"}],"replies":[{"embeddable":true,"href":"https:\/\/avasek.ca\/fr\/wp-json\/wp\/v2\/comments?post=1086"}],"version-history":[{"count":1,"href":"https:\/\/avasek.ca\/fr\/wp-json\/wp\/v2\/pages\/1086\/revisions"}],"predecessor-version":[{"id":1087,"href":"https:\/\/avasek.ca\/fr\/wp-json\/wp\/v2\/pages\/1086\/revisions\/1087"}],"up":[{"embeddable":true,"href":"https:\/\/avasek.ca\/fr\/wp-json\/wp\/v2\/pages\/1084"}],"wp:attachment":[{"href":"https:\/\/avasek.ca\/fr\/wp-json\/wp\/v2\/media?parent=1086"}],"curies":[{"name":"wp","href":"https:\/\/api.w.org\/{rel}","templated":true}]}}