{"id":1088,"date":"2022-04-29T01:47:55","date_gmt":"2022-04-29T01:47:55","guid":{"rendered":"https:\/\/avasek.ca\/comment-nous-aidons\/"},"modified":"2023-03-07T17:14:53","modified_gmt":"2023-03-07T17:14:53","slug":"comment-nous-aidons","status":"publish","type":"page","link":"https:\/\/avasek.ca\/fr\/comment-nous-aidons\/","title":{"rendered":"Comment nous aidons"},"content":{"rendered":"<div class=\"hero breakout blue\">\n  <div class=\"wrap\">\n    <h1>Comment nous aidons<\/h1>\n      <\/div>\n<\/div>\n<h2 class=\"wp-block-heading\"><strong>Confiez votre cyberprotection \u00e0 Avasek, maintenant et dans le futur<\/strong>.<\/h2>\n\n<p>Avasek est le garde du corps de nos clients dans l&rsquo;espace virtuel. Nous comprenons le chaos qui se d\u00e9cha\u00eene sur une organisation \u00e0 la suite d&rsquo;une violation ou d&rsquo;une attaque. Lorsqu&rsquo;on nous appelle, notre premier souci est de faire en sorte que nos clients soient rapidement op\u00e9rationnels, afin d&rsquo;aider les assureurs \u00e0 contr\u00f4ler les co\u00fbts et de permettre aux \u00e9quipes m\u00e9dico-l\u00e9gales de mener des enqu\u00eates sans interf\u00e9rence ni perte de preuves.<\/p>\n\n<p>Notre engagement envers la s\u00e9curit\u00e9 de nos clients ne s&rsquo;arr\u00eate pas l\u00e0. Apr\u00e8s le r\u00e9tablissement du syst\u00e8me, de nombreux clients se tournent vers Avasek pour obtenir un soutien informatique continu et la s\u00e9curit\u00e9 du syst\u00e8me, ainsi que pour des services priv\u00e9s de stockage Cloud afin de prot\u00e9ger les infrastructures num\u00e9riques tout au long du cycle de vie de l&rsquo;entreprise.<\/p>\n\n<p>\u00c0 long terme, les fonctions de s\u00e9curit\u00e9 d&rsquo;Avasek:<\/p>\n\n<ul class=\"wp-block-list\"><li>Renforcer les \u00e9quipes internes<\/li><li>Se prot\u00e9ger contre les attaques futures, et<\/li><li>Fournir des services de soutien qui d\u00e9bouchent sur des partenariats fructueux.<\/li><\/ul>\n<div class=\"services breakout\">\n  <div class=\"wrap\">\n    <div class=\"services-item\"><div class=\"inner\"><div class=\"si-icon\"><img loading=\"lazy\" decoding=\"async\" src=\"https:\/\/avasek.ca\/wp-content\/uploads\/2022\/04\/hosted-icon_with-circle.png\" width=\"171\" height=\"171\" alt=\"Services en ligne\" \/><\/div><div class=\"si-content\"><h3>Services en ligne<\/h3><div class=\"sic-desc\"><ul>\n<li>Les services priv\u00e9s de stockage Cloud d&rsquo;Avasek offrent aux clients une s\u00e9curit\u00e9 et une r\u00e9silience cybern\u00e9tique sup\u00e9rieures \u00e0 ce qui est possible avec un h\u00e9bergement sur site client.<\/li>\n<li>Le service en ligne s\u00e9curis\u00e9 soulage l&rsquo;informatique interne gr\u00e2ce \u00e0 des contr\u00f4les de s\u00e9curit\u00e9 robustes qui garantissent la tranquillit\u00e9 d&rsquo;esprit.<\/li>\n<li>En cas de r\u00e9ponse \u00e0 un incident, Avasek utilise son environnement en ligne pour fournir aux clients un h\u00e9bergement s\u00e9curis\u00e9 afin qu&rsquo;ils puissent se remettre au travail pendant que nous restaurons leurs syst\u00e8mes.<\/li>\n<\/ul>\n<\/div><a href=\"https:\/\/avasek.ca\/service\/hosted-services\/\" class=\"btn\">En Savior Plus<\/a><\/div><div class=\"si-image\"><img loading=\"lazy\" decoding=\"async\" src=\"https:\/\/avasek.ca\/wp-content\/uploads\/2022\/05\/hosted-services-600x600.jpg\" width=\"600\" height=\"600\" alt=\"Services en ligne\" \/><\/div><\/div><\/div><div class=\"services-item\"><div class=\"inner\"><div class=\"si-icon\"><img loading=\"lazy\" decoding=\"async\" src=\"https:\/\/avasek.ca\/wp-content\/uploads\/2022\/04\/IT-icon_with-circle.png\" width=\"171\" height=\"171\" alt=\"Support informatique\" \/><\/div><div class=\"si-content\"><h3>Support informatique<\/h3><div class=\"sic-desc\"><ul>\n<li>Les clients font confiance \u00e0 Avasek apr\u00e8s la restauration pour fournir de multiples couches de services g\u00e9r\u00e9s, un h\u00e9bergement s\u00e9curis\u00e9 et une cyber-r\u00e9silience et des d\u00e9fenses de s\u00e9curit\u00e9 \u00e9tendues.<\/li>\n<li>Qu&rsquo;il s&rsquo;agisse de fournir des restaurations de syst\u00e8mes post-piratage bas\u00e9es sur des projets ou une s\u00e9curit\u00e9 multi-niveaux continue, Avasek est le partenaire qui a les connaissances et le pouvoir de prot\u00e9ger votre entreprise.<\/li>\n<li>Avasek fait gagner du temps et de l&rsquo;argent \u00e0 votre organisation en compl\u00e9tant vos \u00e9quipes informatiques internes par des services sp\u00e9cialis\u00e9s mis en \u0153uvre dans une perspective de s\u00e9curit\u00e9.<\/li>\n<\/ul>\n<\/div><a href=\"https:\/\/avasek.ca\/service\/it-support\/\" class=\"btn\">En Savior Plus<\/a><\/div><div class=\"si-image\"><img loading=\"lazy\" decoding=\"async\" src=\"https:\/\/avasek.ca\/wp-content\/uploads\/2022\/05\/IT-support-600x600.jpg\" width=\"600\" height=\"600\" alt=\"Support informatique\" \/><\/div><\/div><\/div><div class=\"services-item\"><div class=\"inner\"><div class=\"si-icon\"><img loading=\"lazy\" decoding=\"async\" src=\"https:\/\/avasek.ca\/wp-content\/uploads\/2022\/04\/security-icon_with-circle.png\" width=\"171\" height=\"171\" alt=\"S\u00e9curit\u00e9\" \/><\/div><div class=\"si-content\"><h3>S\u00e9curit\u00e9<\/h3><div class=\"sic-desc\"><ul>\n<li>La seule chose pire qu&rsquo;une violation de la s\u00e9curit\u00e9 est une deuxi\u00e8me ou troisi\u00e8me attaque. Avasek dispose des connaissances, des syst\u00e8mes et des ressources n\u00e9cessaires pour s&rsquo;assurer que votre environnement est s\u00fbr et s\u00e9curis\u00e9.<\/li>\n<li>Avasek forme les membres critiques de votre \u00e9quipe &#8211; de la direction \u00e0 la masse &#8211; avec des connaissances et des pratiques essentielles pour une s\u00e9curit\u00e9 et une conformit\u00e9 \u00e0 toute \u00e9preuve.<\/li>\n<li>Les capacit\u00e9s de surveillance, de d\u00e9tection et de r\u00e9ponse proactives d&rsquo;Avasek att\u00e9nuent les menaces via le r\u00e9seau ou le cloud, en les arr\u00eatant avant qu&rsquo;elles ne s&rsquo;aggravent.<\/li>\n<\/ul>\n<\/div><a href=\"https:\/\/avasek.ca\/service\/security\/\" class=\"btn\">En Savior Plus<\/a><\/div><div class=\"si-image\"><img loading=\"lazy\" decoding=\"async\" src=\"https:\/\/avasek.ca\/wp-content\/uploads\/2022\/05\/cyber-security-600x600.jpg\" width=\"600\" height=\"600\" alt=\"S\u00e9curit\u00e9\" \/><\/div><\/div><\/div>  <\/div>\n<\/div><style>\n  .cs-img .inner {\n    background-image: url(https:\/\/avasek.ca\/wp-content\/uploads\/2022\/04\/img-flipped-800x533.jpg);\n  }\n  @media(min-width: 768px) {\n    .cs-img .inner {\n      background-image: url(https:\/\/avasek.ca\/wp-content\/uploads\/2022\/04\/img-flipped-scaled.jpg);\n    }\n  }\n<\/style>\n<div class=\"contact-simple breakout\">\n  <div class=\"cs-img\"><div class=\"inner\"><\/div><\/div>\n  <div class=\"cs-content\">\n    <div class=\"inner\">\n      <h2>Dans quelle mesure votre organisation est-elle cyber-r\u00e9sistante?<\/h2>\n              <div class=\"cs-description\">Avasek ne se contente pas de nettoyer apr\u00e8s une cyber-attaque, mais nous renfor\u00e7ons \u00e9galement la s\u00e9curit\u00e9 de vos syst\u00e8mes afin que vous puissiez repousser les futures tentatives d&rsquo;attaques avant m\u00eame qu&rsquo;elles ne se produisent. <\/div>\n                    <a href=\"\/contact\/\" target=\"\" class=\"white-btn\">Contactez-Nous<\/a>\n          <\/div>\n  <\/div>\n<\/div>","protected":false},"excerpt":{"rendered":"<p>Confiez votre cyberprotection \u00e0 Avasek, maintenant et dans le futur. Avasek est le garde du corps de nos clients dans l&rsquo;espace virtuel. Nous comprenons le chaos qui se d\u00e9cha\u00eene sur une organisation \u00e0 la suite d&rsquo;une violation ou d&rsquo;une attaque. Lorsqu&rsquo;on nous appelle, notre premier souci est de faire en sorte que nos clients soient&#8230;  <a class=\"excerpt-read-more\" href=\"https:\/\/avasek.ca\/fr\/comment-nous-aidons\/\" title=\"LireComment nous aidons\">Lire la Suite \u00bb<\/a><\/p>\n","protected":false},"author":1,"featured_media":0,"parent":0,"menu_order":0,"comment_status":"closed","ping_status":"closed","template":"","meta":{"inline_featured_image":false,"footnotes":""},"class_list":["post-1088","page","type-page","status-publish","hentry"],"acf":[],"yoast_head":"<!-- This site is optimized with the Yoast SEO plugin v27.2 - https:\/\/yoast.com\/product\/yoast-seo-wordpress\/ -->\n<title>Confiez votre cyberprotection \u00e0 Avasek, maintenant et dans le futur.<\/title>\n<meta name=\"description\" content=\"Nous contribuons \u00e0 renforcer les \u00e9quipes internes, \u00e0 les prot\u00e9ger contre les attaques futures et \u00e0 fournir des services de soutien qui d\u00e9bouchent sur des partenariats gratifiants.\" \/>\n<meta name=\"robots\" content=\"index, follow, max-snippet:-1, max-image-preview:large, max-video-preview:-1\" \/>\n<link rel=\"canonical\" href=\"https:\/\/avasek.ca\/fr\/comment-nous-aidons\/\" \/>\n<meta property=\"og:locale\" content=\"fr_FR\" \/>\n<meta property=\"og:type\" content=\"article\" \/>\n<meta property=\"og:title\" content=\"Confiez votre cyberprotection \u00e0 Avasek, maintenant et dans le futur.\" \/>\n<meta property=\"og:description\" content=\"Nous contribuons \u00e0 renforcer les \u00e9quipes internes, \u00e0 les prot\u00e9ger contre les attaques futures et \u00e0 fournir des services de soutien qui d\u00e9bouchent sur des partenariats gratifiants.\" \/>\n<meta property=\"og:url\" content=\"https:\/\/avasek.ca\/fr\/comment-nous-aidons\/\" \/>\n<meta property=\"og:site_name\" content=\"Avasek\" \/>\n<meta property=\"article:modified_time\" content=\"2023-03-07T17:14:53+00:00\" \/>\n<meta name=\"twitter:card\" content=\"summary_large_image\" \/>\n<meta name=\"twitter:label1\" content=\"Dur\u00e9e de lecture estim\u00e9e\" \/>\n\t<meta name=\"twitter:data1\" content=\"1 minute\" \/>\n<script type=\"application\/ld+json\" class=\"yoast-schema-graph\">{\"@context\":\"https:\/\/schema.org\",\"@graph\":[{\"@type\":\"WebPage\",\"@id\":\"https:\/\/avasek.ca\/fr\/comment-nous-aidons\/\",\"url\":\"https:\/\/avasek.ca\/fr\/comment-nous-aidons\/\",\"name\":\"Confiez votre cyberprotection \u00e0 Avasek, maintenant et dans le futur.\",\"isPartOf\":{\"@id\":\"https:\/\/avasek.ca\/fr\/#website\"},\"datePublished\":\"2022-04-29T01:47:55+00:00\",\"dateModified\":\"2023-03-07T17:14:53+00:00\",\"description\":\"Nous contribuons \u00e0 renforcer les \u00e9quipes internes, \u00e0 les prot\u00e9ger contre les attaques futures et \u00e0 fournir des services de soutien qui d\u00e9bouchent sur des partenariats gratifiants.\",\"breadcrumb\":{\"@id\":\"https:\/\/avasek.ca\/fr\/comment-nous-aidons\/#breadcrumb\"},\"inLanguage\":\"fr-FR\",\"potentialAction\":[{\"@type\":\"ReadAction\",\"target\":[\"https:\/\/avasek.ca\/fr\/comment-nous-aidons\/\"]}]},{\"@type\":\"BreadcrumbList\",\"@id\":\"https:\/\/avasek.ca\/fr\/comment-nous-aidons\/#breadcrumb\",\"itemListElement\":[{\"@type\":\"ListItem\",\"position\":1,\"name\":\"Home\",\"item\":\"https:\/\/avasek.ca\/fr\/\"},{\"@type\":\"ListItem\",\"position\":2,\"name\":\"Comment nous aidons\"}]},{\"@type\":\"WebSite\",\"@id\":\"https:\/\/avasek.ca\/fr\/#website\",\"url\":\"https:\/\/avasek.ca\/fr\/\",\"name\":\"Avasek\",\"description\":\"\",\"potentialAction\":[{\"@type\":\"SearchAction\",\"target\":{\"@type\":\"EntryPoint\",\"urlTemplate\":\"https:\/\/avasek.ca\/fr\/?s={search_term_string}\"},\"query-input\":{\"@type\":\"PropertyValueSpecification\",\"valueRequired\":true,\"valueName\":\"search_term_string\"}}],\"inLanguage\":\"fr-FR\"}]}<\/script>\n<!-- \/ Yoast SEO plugin. -->","yoast_head_json":{"title":"Confiez votre cyberprotection \u00e0 Avasek, maintenant et dans le futur.","description":"Nous contribuons \u00e0 renforcer les \u00e9quipes internes, \u00e0 les prot\u00e9ger contre les attaques futures et \u00e0 fournir des services de soutien qui d\u00e9bouchent sur des partenariats gratifiants.","robots":{"index":"index","follow":"follow","max-snippet":"max-snippet:-1","max-image-preview":"max-image-preview:large","max-video-preview":"max-video-preview:-1"},"canonical":"https:\/\/avasek.ca\/fr\/comment-nous-aidons\/","og_locale":"fr_FR","og_type":"article","og_title":"Confiez votre cyberprotection \u00e0 Avasek, maintenant et dans le futur.","og_description":"Nous contribuons \u00e0 renforcer les \u00e9quipes internes, \u00e0 les prot\u00e9ger contre les attaques futures et \u00e0 fournir des services de soutien qui d\u00e9bouchent sur des partenariats gratifiants.","og_url":"https:\/\/avasek.ca\/fr\/comment-nous-aidons\/","og_site_name":"Avasek","article_modified_time":"2023-03-07T17:14:53+00:00","twitter_card":"summary_large_image","twitter_misc":{"Dur\u00e9e de lecture estim\u00e9e":"1 minute"},"schema":{"@context":"https:\/\/schema.org","@graph":[{"@type":"WebPage","@id":"https:\/\/avasek.ca\/fr\/comment-nous-aidons\/","url":"https:\/\/avasek.ca\/fr\/comment-nous-aidons\/","name":"Confiez votre cyberprotection \u00e0 Avasek, maintenant et dans le futur.","isPartOf":{"@id":"https:\/\/avasek.ca\/fr\/#website"},"datePublished":"2022-04-29T01:47:55+00:00","dateModified":"2023-03-07T17:14:53+00:00","description":"Nous contribuons \u00e0 renforcer les \u00e9quipes internes, \u00e0 les prot\u00e9ger contre les attaques futures et \u00e0 fournir des services de soutien qui d\u00e9bouchent sur des partenariats gratifiants.","breadcrumb":{"@id":"https:\/\/avasek.ca\/fr\/comment-nous-aidons\/#breadcrumb"},"inLanguage":"fr-FR","potentialAction":[{"@type":"ReadAction","target":["https:\/\/avasek.ca\/fr\/comment-nous-aidons\/"]}]},{"@type":"BreadcrumbList","@id":"https:\/\/avasek.ca\/fr\/comment-nous-aidons\/#breadcrumb","itemListElement":[{"@type":"ListItem","position":1,"name":"Home","item":"https:\/\/avasek.ca\/fr\/"},{"@type":"ListItem","position":2,"name":"Comment nous aidons"}]},{"@type":"WebSite","@id":"https:\/\/avasek.ca\/fr\/#website","url":"https:\/\/avasek.ca\/fr\/","name":"Avasek","description":"","potentialAction":[{"@type":"SearchAction","target":{"@type":"EntryPoint","urlTemplate":"https:\/\/avasek.ca\/fr\/?s={search_term_string}"},"query-input":{"@type":"PropertyValueSpecification","valueRequired":true,"valueName":"search_term_string"}}],"inLanguage":"fr-FR"}]}},"_links":{"self":[{"href":"https:\/\/avasek.ca\/fr\/wp-json\/wp\/v2\/pages\/1088","targetHints":{"allow":["GET"]}}],"collection":[{"href":"https:\/\/avasek.ca\/fr\/wp-json\/wp\/v2\/pages"}],"about":[{"href":"https:\/\/avasek.ca\/fr\/wp-json\/wp\/v2\/types\/page"}],"author":[{"embeddable":true,"href":"https:\/\/avasek.ca\/fr\/wp-json\/wp\/v2\/users\/1"}],"replies":[{"embeddable":true,"href":"https:\/\/avasek.ca\/fr\/wp-json\/wp\/v2\/comments?post=1088"}],"version-history":[{"count":1,"href":"https:\/\/avasek.ca\/fr\/wp-json\/wp\/v2\/pages\/1088\/revisions"}],"predecessor-version":[{"id":1089,"href":"https:\/\/avasek.ca\/fr\/wp-json\/wp\/v2\/pages\/1088\/revisions\/1089"}],"wp:attachment":[{"href":"https:\/\/avasek.ca\/fr\/wp-json\/wp\/v2\/media?parent=1088"}],"curies":[{"name":"wp","href":"https:\/\/api.w.org\/{rel}","templated":true}]}}