{"id":1136,"date":"2022-05-03T22:12:50","date_gmt":"2022-05-03T22:12:50","guid":{"rendered":"https:\/\/avasek.ca\/assistance-en-cas-de-violation\/"},"modified":"2023-03-21T15:55:12","modified_gmt":"2023-03-21T15:55:12","slug":"assistance-en-cas-de-violation","status":"publish","type":"page","link":"https:\/\/avasek.ca\/fr\/assistance-en-cas-de-violation\/","title":{"rendered":"Assistance en cas de violation"},"content":{"rendered":"\n<h2 class=\"wp-block-heading\">En cas de violation de donn\u00e9es, vous devez agir imm\u00e9diatement. Nous sommes \u00e0 votre disposition 24 heures sur 24, 7 jours sur 7, 365 jours par an.<\/h2>\n\n\n\n<h3 class=\"wp-block-heading\">Ligne d&rsquo;assistance en cas de violation: <a href=\"tel:8562520294\">856.252.0294<\/a><\/h3>\n\n\n\n<h3 class=\"wp-block-heading\">Courriel en cas de violation: <a href=\"mailto:incidentresponse@avasek.com\" target=\"_blank\" rel=\"noreferrer noopener\">incidentresponse@avasek.com<\/a><\/h3>\n","protected":false},"excerpt":{"rendered":"<p>En cas de violation de donn\u00e9es, vous devez agir imm\u00e9diatement. Nous sommes \u00e0 votre disposition 24 heures sur 24, 7 jours sur 7, 365 jours par an. Ligne d&rsquo;assistance en cas de violation: 856.252.0294 Courriel en cas de violation: incidentresponse@avasek.com<\/p>\n","protected":false},"author":1,"featured_media":0,"parent":0,"menu_order":0,"comment_status":"closed","ping_status":"closed","template":"page-leadgen.php","meta":{"inline_featured_image":false,"footnotes":""},"class_list":["post-1136","page","type-page","status-publish","hentry"],"acf":[],"yoast_head":"<!-- This site is optimized with the Yoast SEO plugin v27.2 - https:\/\/yoast.com\/product\/yoast-seo-wordpress\/ -->\n<title>Assistance en cas de violation - Avasek<\/title>\n<meta name=\"description\" content=\"En cas de violation de donn\u00e9es, vous devez agir imm\u00e9diatement. Nous sommes \u00e0 votre disposition 24 heures sur 24, 7 jours sur 7, 365 jours par an. Appelez le 856.316.4144 ou envoyez un courriel \u00e0 breach@avasek.com\" \/>\n<meta name=\"robots\" content=\"index, follow, max-snippet:-1, max-image-preview:large, max-video-preview:-1\" \/>\n<link rel=\"canonical\" href=\"https:\/\/avasek.ca\/fr\/assistance-en-cas-de-violation\/\" \/>\n<meta property=\"og:locale\" content=\"fr_FR\" \/>\n<meta property=\"og:type\" content=\"article\" \/>\n<meta property=\"og:title\" content=\"Assistance en cas de violation - Avasek\" \/>\n<meta property=\"og:description\" content=\"En cas de violation de donn\u00e9es, vous devez agir imm\u00e9diatement. Nous sommes \u00e0 votre disposition 24 heures sur 24, 7 jours sur 7, 365 jours par an. Appelez le 856.316.4144 ou envoyez un courriel \u00e0 breach@avasek.com\" \/>\n<meta property=\"og:url\" content=\"https:\/\/avasek.ca\/fr\/assistance-en-cas-de-violation\/\" \/>\n<meta property=\"og:site_name\" content=\"Avasek\" \/>\n<meta property=\"article:modified_time\" content=\"2023-03-21T15:55:12+00:00\" \/>\n<meta name=\"twitter:card\" content=\"summary_large_image\" \/>\n<meta name=\"twitter:label1\" content=\"Dur\u00e9e de lecture estim\u00e9e\" \/>\n\t<meta name=\"twitter:data1\" content=\"1 minute\" \/>\n<script type=\"application\/ld+json\" class=\"yoast-schema-graph\">{\"@context\":\"https:\/\/schema.org\",\"@graph\":[{\"@type\":\"WebPage\",\"@id\":\"https:\/\/avasek.ca\/fr\/assistance-en-cas-de-violation\/\",\"url\":\"https:\/\/avasek.ca\/fr\/assistance-en-cas-de-violation\/\",\"name\":\"Assistance en cas de violation - Avasek\",\"isPartOf\":{\"@id\":\"https:\/\/avasek.ca\/fr\/#website\"},\"datePublished\":\"2022-05-03T22:12:50+00:00\",\"dateModified\":\"2023-03-21T15:55:12+00:00\",\"description\":\"En cas de violation de donn\u00e9es, vous devez agir imm\u00e9diatement. Nous sommes \u00e0 votre disposition 24 heures sur 24, 7 jours sur 7, 365 jours par an. Appelez le 856.316.4144 ou envoyez un courriel \u00e0 breach@avasek.com\",\"breadcrumb\":{\"@id\":\"https:\/\/avasek.ca\/fr\/assistance-en-cas-de-violation\/#breadcrumb\"},\"inLanguage\":\"fr-FR\",\"potentialAction\":[{\"@type\":\"ReadAction\",\"target\":[\"https:\/\/avasek.ca\/fr\/assistance-en-cas-de-violation\/\"]}]},{\"@type\":\"BreadcrumbList\",\"@id\":\"https:\/\/avasek.ca\/fr\/assistance-en-cas-de-violation\/#breadcrumb\",\"itemListElement\":[{\"@type\":\"ListItem\",\"position\":1,\"name\":\"Home\",\"item\":\"https:\/\/avasek.ca\/fr\/\"},{\"@type\":\"ListItem\",\"position\":2,\"name\":\"Assistance en cas de violation\"}]},{\"@type\":\"WebSite\",\"@id\":\"https:\/\/avasek.ca\/fr\/#website\",\"url\":\"https:\/\/avasek.ca\/fr\/\",\"name\":\"Avasek\",\"description\":\"\",\"potentialAction\":[{\"@type\":\"SearchAction\",\"target\":{\"@type\":\"EntryPoint\",\"urlTemplate\":\"https:\/\/avasek.ca\/fr\/?s={search_term_string}\"},\"query-input\":{\"@type\":\"PropertyValueSpecification\",\"valueRequired\":true,\"valueName\":\"search_term_string\"}}],\"inLanguage\":\"fr-FR\"}]}<\/script>\n<!-- \/ Yoast SEO plugin. -->","yoast_head_json":{"title":"Assistance en cas de violation - Avasek","description":"En cas de violation de donn\u00e9es, vous devez agir imm\u00e9diatement. Nous sommes \u00e0 votre disposition 24 heures sur 24, 7 jours sur 7, 365 jours par an. Appelez le 856.316.4144 ou envoyez un courriel \u00e0 breach@avasek.com","robots":{"index":"index","follow":"follow","max-snippet":"max-snippet:-1","max-image-preview":"max-image-preview:large","max-video-preview":"max-video-preview:-1"},"canonical":"https:\/\/avasek.ca\/fr\/assistance-en-cas-de-violation\/","og_locale":"fr_FR","og_type":"article","og_title":"Assistance en cas de violation - Avasek","og_description":"En cas de violation de donn\u00e9es, vous devez agir imm\u00e9diatement. Nous sommes \u00e0 votre disposition 24 heures sur 24, 7 jours sur 7, 365 jours par an. Appelez le 856.316.4144 ou envoyez un courriel \u00e0 breach@avasek.com","og_url":"https:\/\/avasek.ca\/fr\/assistance-en-cas-de-violation\/","og_site_name":"Avasek","article_modified_time":"2023-03-21T15:55:12+00:00","twitter_card":"summary_large_image","twitter_misc":{"Dur\u00e9e de lecture estim\u00e9e":"1 minute"},"schema":{"@context":"https:\/\/schema.org","@graph":[{"@type":"WebPage","@id":"https:\/\/avasek.ca\/fr\/assistance-en-cas-de-violation\/","url":"https:\/\/avasek.ca\/fr\/assistance-en-cas-de-violation\/","name":"Assistance en cas de violation - Avasek","isPartOf":{"@id":"https:\/\/avasek.ca\/fr\/#website"},"datePublished":"2022-05-03T22:12:50+00:00","dateModified":"2023-03-21T15:55:12+00:00","description":"En cas de violation de donn\u00e9es, vous devez agir imm\u00e9diatement. Nous sommes \u00e0 votre disposition 24 heures sur 24, 7 jours sur 7, 365 jours par an. Appelez le 856.316.4144 ou envoyez un courriel \u00e0 breach@avasek.com","breadcrumb":{"@id":"https:\/\/avasek.ca\/fr\/assistance-en-cas-de-violation\/#breadcrumb"},"inLanguage":"fr-FR","potentialAction":[{"@type":"ReadAction","target":["https:\/\/avasek.ca\/fr\/assistance-en-cas-de-violation\/"]}]},{"@type":"BreadcrumbList","@id":"https:\/\/avasek.ca\/fr\/assistance-en-cas-de-violation\/#breadcrumb","itemListElement":[{"@type":"ListItem","position":1,"name":"Home","item":"https:\/\/avasek.ca\/fr\/"},{"@type":"ListItem","position":2,"name":"Assistance en cas de violation"}]},{"@type":"WebSite","@id":"https:\/\/avasek.ca\/fr\/#website","url":"https:\/\/avasek.ca\/fr\/","name":"Avasek","description":"","potentialAction":[{"@type":"SearchAction","target":{"@type":"EntryPoint","urlTemplate":"https:\/\/avasek.ca\/fr\/?s={search_term_string}"},"query-input":{"@type":"PropertyValueSpecification","valueRequired":true,"valueName":"search_term_string"}}],"inLanguage":"fr-FR"}]}},"_links":{"self":[{"href":"https:\/\/avasek.ca\/fr\/wp-json\/wp\/v2\/pages\/1136","targetHints":{"allow":["GET"]}}],"collection":[{"href":"https:\/\/avasek.ca\/fr\/wp-json\/wp\/v2\/pages"}],"about":[{"href":"https:\/\/avasek.ca\/fr\/wp-json\/wp\/v2\/types\/page"}],"author":[{"embeddable":true,"href":"https:\/\/avasek.ca\/fr\/wp-json\/wp\/v2\/users\/1"}],"replies":[{"embeddable":true,"href":"https:\/\/avasek.ca\/fr\/wp-json\/wp\/v2\/comments?post=1136"}],"version-history":[{"count":5,"href":"https:\/\/avasek.ca\/fr\/wp-json\/wp\/v2\/pages\/1136\/revisions"}],"predecessor-version":[{"id":1143,"href":"https:\/\/avasek.ca\/fr\/wp-json\/wp\/v2\/pages\/1136\/revisions\/1143"}],"wp:attachment":[{"href":"https:\/\/avasek.ca\/fr\/wp-json\/wp\/v2\/media?parent=1136"}],"curies":[{"name":"wp","href":"https:\/\/api.w.org\/{rel}","templated":true}]}}