{"id":1144,"date":"2022-04-29T01:54:48","date_gmt":"2022-04-29T01:54:48","guid":{"rendered":"https:\/\/avasek.ca\/contact\/"},"modified":"2023-03-22T13:18:37","modified_gmt":"2023-03-22T13:18:37","slug":"contact","status":"publish","type":"page","link":"https:\/\/avasek.ca\/fr\/contact\/","title":{"rendered":"Contact"},"content":{"rendered":"<div class=\"contact-full breakout two-col\">\n  <div class=\"wrap\">\n    <div class=\"contact-full-first\">\n      <h2>Quelle est la r\u00e9silience cybern\u00e9tique de votre organisation? <\/h2>\n              <div class=\"cf-intro\">Avasek ne se contente pas de nettoyer apr\u00e8s une cyber-attaque, nous renfor\u00e7ons \u00e9galement la s\u00e9curit\u00e9 de vos syst\u00e8mes afin que vous puissiez repousser les futures tentatives d&rsquo;attaques avant m\u00eame qu&rsquo;elles ne se produisent.<\/div>\n            <h3>Contact Avasek<\/h3><div class=\"contact-details-main\">\n  <div class=\"cdm-col cdm-col-one\">\n    <div class=\"phone\"><img decoding=\"async\" src=\"https:\/\/avasek.ca\/wp-content\/themes\/avasek\/library\/images\/icons\/phone.svg\" \/><a href=\"tel:856.316.4144\">856.316.4144<\/a><\/div><div class=\"email\"><img decoding=\"async\" src=\"https:\/\/avasek.ca\/wp-content\/themes\/avasek\/library\/images\/icons\/email.svg\" \/><a href=\"mailto:contact@avasek.com\">contact@avasek.com<\/a><\/div>  <\/div>\n  <div class=\"cdm-col cdm-col-two\">\n    <div class=\"address\"><img decoding=\"async\" src=\"https:\/\/avasek.ca\/wp-content\/themes\/avasek\/library\/images\/icons\/map.svg\" \/>523 Fellowship Rd<br \/>\r\nSuite 230<br \/>\r\nMt Laurel NJ 08054<\/div>  <\/div>\n<\/div>\n<div class=\"contact-details-social\">\n  <a href=\"https:\/\/www.facebook.com\/AvasekLLC\/\" class=\"facebook\" target=\"_blank\"><img decoding=\"async\" src=\"https:\/\/avasek.ca\/wp-content\/themes\/avasek\/library\/images\/icons\/facebook.svg\" alt=\"facebook\" \/><\/a><a href=\"https:\/\/www.linkedin.com\/company\/avasek\" class=\"linkedin\" target=\"_blank\"><img decoding=\"async\" src=\"https:\/\/avasek.ca\/wp-content\/themes\/avasek\/library\/images\/icons\/linkedin.svg\" alt=\"linkedin\" \/><\/a><a href=\"https:\/\/twitter.com\/avasekllc\" class=\"twitter\" target=\"_blank\"><img decoding=\"async\" src=\"https:\/\/avasek.ca\/wp-content\/themes\/avasek\/library\/images\/icons\/twitter.svg\" alt=\"twitter\" \/><\/a><\/div>    <\/div>\n    <div class=\"contact-full-second\">\n      \n<div class=\"wpcf7 no-js\" id=\"wpcf7-f1093-o1\" lang=\"fr-FR\" dir=\"ltr\" data-wpcf7-id=\"1093\">\n<div class=\"screen-reader-response\"><p role=\"status\" aria-live=\"polite\" aria-atomic=\"true\"><\/p> <ul><\/ul><\/div>\n<form action=\"\/fr\/wp-json\/wp\/v2\/pages\/1144#wpcf7-f1093-o1\" method=\"post\" class=\"wpcf7-form init\" aria-label=\"Formulaire de contact\" novalidate=\"novalidate\" data-status=\"init\">\n<div style=\"display: none;\">\n<input type=\"hidden\" name=\"_wpcf7\" value=\"1093\" \/>\n<input type=\"hidden\" name=\"_wpcf7_version\" value=\"6.0.6\" \/>\n<input type=\"hidden\" name=\"_wpcf7_locale\" value=\"fr_FR\" \/>\n<input type=\"hidden\" name=\"_wpcf7_unit_tag\" value=\"wpcf7-f1093-o1\" \/>\n<input type=\"hidden\" name=\"_wpcf7_container_post\" value=\"0\" \/>\n<input type=\"hidden\" name=\"_wpcf7_posted_data_hash\" value=\"\" \/>\n<input type=\"hidden\" name=\"_wpcf7_recaptcha_response\" value=\"\" \/>\n<\/div>\n<div class=\"contact-cols\">\n<div class=\"contact-col contact-col-one\">\n<div class=\"namewrap\">\n<div class=\"formel\"><span class=\"wpcf7-form-control-wrap\" data-name=\"fname\"><input size=\"40\" maxlength=\"400\" class=\"wpcf7-form-control wpcf7-text wpcf7-validates-as-required\" aria-required=\"true\" aria-invalid=\"false\" placeholder=\"Pr\u00e9nom (obligatoire)\" value=\"\" type=\"text\" name=\"fname\" \/><\/span><\/div>\n<div class=\"formel\"><span class=\"wpcf7-form-control-wrap\" data-name=\"lname\"><input size=\"40\" maxlength=\"400\" class=\"wpcf7-form-control wpcf7-text wpcf7-validates-as-required\" aria-required=\"true\" aria-invalid=\"false\" placeholder=\"Nom de famille (obligatoire)\" value=\"\" type=\"text\" name=\"lname\" \/><\/span><\/div>\n<\/div>\n<div class=\"formel\"><span class=\"wpcf7-form-control-wrap\" data-name=\"email\"><input size=\"40\" maxlength=\"400\" class=\"wpcf7-form-control wpcf7-email wpcf7-validates-as-required wpcf7-text wpcf7-validates-as-email\" aria-required=\"true\" aria-invalid=\"false\" placeholder=\"Courriel (obligatoire)\" value=\"\" type=\"email\" name=\"email\" \/><\/span><\/div>\n<div class=\"formel\"><span class=\"wpcf7-form-control-wrap\" data-name=\"phone\"><input size=\"40\" maxlength=\"400\" class=\"wpcf7-form-control wpcf7-tel wpcf7-validates-as-required wpcf7-text wpcf7-validates-as-tel\" aria-required=\"true\" aria-invalid=\"false\" placeholder=\"T\u00e9l\u00e9phone (obligatoire)\" value=\"\" type=\"tel\" name=\"phone\" \/><\/span><\/div>\n<\/div>\n<div class=\"contact-col contact-col-two\">\n<div class=\"formel\"><span class=\"wpcf7-form-control-wrap\" data-name=\"company\"><input size=\"40\" maxlength=\"400\" class=\"wpcf7-form-control wpcf7-text\" aria-invalid=\"false\" placeholder=\"Entreprise (facultatif)\" value=\"\" type=\"text\" name=\"company\" \/><\/span><\/div>\n<div class=\"formel\"><span class=\"wpcf7-form-control-wrap\" data-name=\"message\"><textarea cols=\"40\" rows=\"10\" maxlength=\"2000\" class=\"wpcf7-form-control wpcf7-textarea\" aria-invalid=\"false\" placeholder=\"Votre message (facultatif)\" name=\"message\"><\/textarea><\/span><\/div>\n<\/div>\n<\/div>\n<div class=\"checkbtn\"><div class=\"formel\"><label class=\"checkbox\"><input type=\"checkbox\" name=\"mc4wp-subscribe\" value=\"1\" checked>Je souhaite recevoir des informations sur les bulletins d&rsquo;information, le contenu promotionnel, les offres et les \u00e9v\u00e9nements.<\/label><\/div><button type=\"submit\" class=\"wpcf7-submit\">Soumettre<\/button><\/div><input type=\"text\" name=\"eYyVB\" value=\"\" style=\"display: none !important;\" \/><div class=\"wpcf7-response-output\" aria-hidden=\"true\"><\/div>\n<\/form>\n<\/div>\n    <\/div>\n  <\/div>\n<\/div>","protected":false},"excerpt":{"rendered":"","protected":false},"author":1,"featured_media":0,"parent":0,"menu_order":0,"comment_status":"closed","ping_status":"closed","template":"","meta":{"inline_featured_image":false,"footnotes":""},"class_list":["post-1144","page","type-page","status-publish","hentry"],"acf":[],"yoast_head":"<!-- This site is optimized with the Yoast SEO plugin v27.2 - https:\/\/yoast.com\/product\/yoast-seo-wordpress\/ -->\n<title>Contacter Avasek, votre garde du corps dans l&#039;espace virtuel<\/title>\n<meta name=\"description\" content=\"Avasek fait le m\u00e9nage apr\u00e8s une cyber-attaque. Nous renfor\u00e7ons \u00e9galement la s\u00e9curit\u00e9 de vos syst\u00e8mes afin que vous puissiez repousser les tentatives d&#039;attaques futures avant m\u00eame qu&#039;elles ne se produisent.\" \/>\n<meta name=\"robots\" content=\"index, follow, max-snippet:-1, max-image-preview:large, max-video-preview:-1\" \/>\n<link rel=\"canonical\" href=\"https:\/\/avasek.ca\/fr\/contact\/\" \/>\n<meta property=\"og:locale\" content=\"fr_FR\" \/>\n<meta property=\"og:type\" content=\"article\" \/>\n<meta property=\"og:title\" content=\"Contacter Avasek, votre garde du corps dans l&#039;espace virtuel\" \/>\n<meta property=\"og:description\" content=\"Avasek fait le m\u00e9nage apr\u00e8s une cyber-attaque. Nous renfor\u00e7ons \u00e9galement la s\u00e9curit\u00e9 de vos syst\u00e8mes afin que vous puissiez repousser les tentatives d&#039;attaques futures avant m\u00eame qu&#039;elles ne se produisent.\" \/>\n<meta property=\"og:url\" content=\"https:\/\/avasek.ca\/fr\/contact\/\" \/>\n<meta property=\"og:site_name\" content=\"Avasek\" \/>\n<meta property=\"article:modified_time\" content=\"2023-03-22T13:18:37+00:00\" \/>\n<meta name=\"twitter:card\" content=\"summary_large_image\" \/>\n<script type=\"application\/ld+json\" class=\"yoast-schema-graph\">{\"@context\":\"https:\/\/schema.org\",\"@graph\":[{\"@type\":\"WebPage\",\"@id\":\"https:\/\/avasek.ca\/fr\/contact\/\",\"url\":\"https:\/\/avasek.ca\/fr\/contact\/\",\"name\":\"Contacter Avasek, votre garde du corps dans l'espace virtuel\",\"isPartOf\":{\"@id\":\"https:\/\/avasek.ca\/fr\/#website\"},\"datePublished\":\"2022-04-29T01:54:48+00:00\",\"dateModified\":\"2023-03-22T13:18:37+00:00\",\"description\":\"Avasek fait le m\u00e9nage apr\u00e8s une cyber-attaque. Nous renfor\u00e7ons \u00e9galement la s\u00e9curit\u00e9 de vos syst\u00e8mes afin que vous puissiez repousser les tentatives d'attaques futures avant m\u00eame qu'elles ne se produisent.\",\"breadcrumb\":{\"@id\":\"https:\/\/avasek.ca\/fr\/contact\/#breadcrumb\"},\"inLanguage\":\"fr-FR\",\"potentialAction\":[{\"@type\":\"ReadAction\",\"target\":[\"https:\/\/avasek.ca\/fr\/contact\/\"]}]},{\"@type\":\"BreadcrumbList\",\"@id\":\"https:\/\/avasek.ca\/fr\/contact\/#breadcrumb\",\"itemListElement\":[{\"@type\":\"ListItem\",\"position\":1,\"name\":\"Home\",\"item\":\"https:\/\/avasek.ca\/fr\/\"},{\"@type\":\"ListItem\",\"position\":2,\"name\":\"Contact\"}]},{\"@type\":\"WebSite\",\"@id\":\"https:\/\/avasek.ca\/fr\/#website\",\"url\":\"https:\/\/avasek.ca\/fr\/\",\"name\":\"Avasek\",\"description\":\"\",\"potentialAction\":[{\"@type\":\"SearchAction\",\"target\":{\"@type\":\"EntryPoint\",\"urlTemplate\":\"https:\/\/avasek.ca\/fr\/?s={search_term_string}\"},\"query-input\":{\"@type\":\"PropertyValueSpecification\",\"valueRequired\":true,\"valueName\":\"search_term_string\"}}],\"inLanguage\":\"fr-FR\"}]}<\/script>\n<!-- \/ Yoast SEO plugin. -->","yoast_head_json":{"title":"Contacter Avasek, votre garde du corps dans l'espace virtuel","description":"Avasek fait le m\u00e9nage apr\u00e8s une cyber-attaque. Nous renfor\u00e7ons \u00e9galement la s\u00e9curit\u00e9 de vos syst\u00e8mes afin que vous puissiez repousser les tentatives d'attaques futures avant m\u00eame qu'elles ne se produisent.","robots":{"index":"index","follow":"follow","max-snippet":"max-snippet:-1","max-image-preview":"max-image-preview:large","max-video-preview":"max-video-preview:-1"},"canonical":"https:\/\/avasek.ca\/fr\/contact\/","og_locale":"fr_FR","og_type":"article","og_title":"Contacter Avasek, votre garde du corps dans l'espace virtuel","og_description":"Avasek fait le m\u00e9nage apr\u00e8s une cyber-attaque. Nous renfor\u00e7ons \u00e9galement la s\u00e9curit\u00e9 de vos syst\u00e8mes afin que vous puissiez repousser les tentatives d'attaques futures avant m\u00eame qu'elles ne se produisent.","og_url":"https:\/\/avasek.ca\/fr\/contact\/","og_site_name":"Avasek","article_modified_time":"2023-03-22T13:18:37+00:00","twitter_card":"summary_large_image","schema":{"@context":"https:\/\/schema.org","@graph":[{"@type":"WebPage","@id":"https:\/\/avasek.ca\/fr\/contact\/","url":"https:\/\/avasek.ca\/fr\/contact\/","name":"Contacter Avasek, votre garde du corps dans l'espace virtuel","isPartOf":{"@id":"https:\/\/avasek.ca\/fr\/#website"},"datePublished":"2022-04-29T01:54:48+00:00","dateModified":"2023-03-22T13:18:37+00:00","description":"Avasek fait le m\u00e9nage apr\u00e8s une cyber-attaque. Nous renfor\u00e7ons \u00e9galement la s\u00e9curit\u00e9 de vos syst\u00e8mes afin que vous puissiez repousser les tentatives d'attaques futures avant m\u00eame qu'elles ne se produisent.","breadcrumb":{"@id":"https:\/\/avasek.ca\/fr\/contact\/#breadcrumb"},"inLanguage":"fr-FR","potentialAction":[{"@type":"ReadAction","target":["https:\/\/avasek.ca\/fr\/contact\/"]}]},{"@type":"BreadcrumbList","@id":"https:\/\/avasek.ca\/fr\/contact\/#breadcrumb","itemListElement":[{"@type":"ListItem","position":1,"name":"Home","item":"https:\/\/avasek.ca\/fr\/"},{"@type":"ListItem","position":2,"name":"Contact"}]},{"@type":"WebSite","@id":"https:\/\/avasek.ca\/fr\/#website","url":"https:\/\/avasek.ca\/fr\/","name":"Avasek","description":"","potentialAction":[{"@type":"SearchAction","target":{"@type":"EntryPoint","urlTemplate":"https:\/\/avasek.ca\/fr\/?s={search_term_string}"},"query-input":{"@type":"PropertyValueSpecification","valueRequired":true,"valueName":"search_term_string"}}],"inLanguage":"fr-FR"}]}},"_links":{"self":[{"href":"https:\/\/avasek.ca\/fr\/wp-json\/wp\/v2\/pages\/1144","targetHints":{"allow":["GET"]}}],"collection":[{"href":"https:\/\/avasek.ca\/fr\/wp-json\/wp\/v2\/pages"}],"about":[{"href":"https:\/\/avasek.ca\/fr\/wp-json\/wp\/v2\/types\/page"}],"author":[{"embeddable":true,"href":"https:\/\/avasek.ca\/fr\/wp-json\/wp\/v2\/users\/1"}],"replies":[{"embeddable":true,"href":"https:\/\/avasek.ca\/fr\/wp-json\/wp\/v2\/comments?post=1144"}],"version-history":[{"count":1,"href":"https:\/\/avasek.ca\/fr\/wp-json\/wp\/v2\/pages\/1144\/revisions"}],"predecessor-version":[{"id":1145,"href":"https:\/\/avasek.ca\/fr\/wp-json\/wp\/v2\/pages\/1144\/revisions\/1145"}],"wp:attachment":[{"href":"https:\/\/avasek.ca\/fr\/wp-json\/wp\/v2\/media?parent=1144"}],"curies":[{"name":"wp","href":"https:\/\/api.w.org\/{rel}","templated":true}]}}